{"id":11347,"date":"2022-10-06T23:18:46","date_gmt":"2022-10-06T23:18:46","guid":{"rendered":"https:\/\/renovaramouraria.pt\/?page_id=11347"},"modified":"2022-10-06T23:20:15","modified_gmt":"2022-10-06T23:20:15","slug":"ser-voluntario","status":"publish","type":"page","link":"https:\/\/renovaramouraria.pt\/pt\/ser-voluntario\/","title":{"rendered":"Ser volunt\u00e1rio"},"content":{"rendered":"\t\t<div data-elementor-type=\"wp-page\" data-elementor-id=\"11347\" class=\"elementor elementor-11347\" data-elementor-post-type=\"page\">\n\t\t\t\t\t\t<section class=\"elementor-section elementor-top-section elementor-element elementor-element-fe93ea9 elementor-section-full_width elementor-section-height-default elementor-section-height-default qodef-elementor-content-no\" data-id=\"fe93ea9\" data-element_type=\"section\" data-e-type=\"section\">\n\t\t\t\t\t\t<div class=\"elementor-container elementor-column-gap-default\">\n\t\t\t\t\t<div class=\"elementor-column elementor-col-50 elementor-top-column elementor-element elementor-element-6e3214b\" data-id=\"6e3214b\" data-element_type=\"column\" data-e-type=\"column\">\n\t\t\t<div class=\"elementor-widget-wrap elementor-element-populated\">\n\t\t\t\t\t\t<div class=\"elementor-element elementor-element-9fcdf5c elementor-widget elementor-widget-henrik_core_custom_font\" data-id=\"9fcdf5c\" data-element_type=\"widget\" data-e-type=\"widget\" data-widget_type=\"henrik_core_custom_font.default\">\n\t\t\t\t<div class=\"elementor-widget-container\">\n\t\t\t\t\t<p class=\"qodef-shortcode qodef-m  qodef-custom-font qodef-custom-font-456 qodef-layout--simple qodef-alignment--left qodef-borders--no  \" style=\"font-family: inter;font-size: 77px;line-height: 80px;font-weight: 500;text-transform: uppercase\">ser volunt\u00e1rio<\/p>\n\t\t\t\t<\/div>\n\t\t\t\t<\/div>\n\t\t\t\t<div class=\"elementor-element elementor-element-9bf3e43 elementor-widget__width-auto elementor-widget elementor-widget-text-editor\" data-id=\"9bf3e43\" data-element_type=\"widget\" data-e-type=\"widget\" data-widget_type=\"text-editor.default\">\n\t\t\t\t<div class=\"elementor-widget-container\">\n\t\t\t\t\t\t\t\t\t<p><span style=\"color: #000000;\">Se comunidade e multiculturalidade s\u00e3o causas que falam consigo, fale connosco!<\/span><\/p><h3><strong>QUERO SER Volunt\u00e1rio<\/strong><\/h3>\t\t\t\t\t\t\t\t<\/div>\n\t\t\t\t<\/div>\n\t\t\t\t<div class=\"elementor-element elementor-element-78af2d7 elementor-widget elementor-widget-wp-widget-henrik_core_contact_form_7\" data-id=\"78af2d7\" data-element_type=\"widget\" data-e-type=\"widget\" data-widget_type=\"wp-widget-henrik_core_contact_form_7.default\">\n\t\t\t\t<div class=\"elementor-widget-container\">\n\t\t\t\t\t\t\t\t<div class=\"qodef-contact-form-7\">\n\t\t\t\t<p class=\"wpcf7-contact-form-not-found\"><strong>Erro:<\/strong> Formul\u00e1rio de contacto n\u00e3o encontrado.<\/p>\t\t\t<\/div>\n\t\t\t\t\t\t\t<\/div>\n\t\t\t\t<\/div>\n\t\t\t\t<div class=\"elementor-element elementor-element-501cdb8 elementor-widget__width-auto elementor-widget elementor-widget-text-editor\" data-id=\"501cdb8\" data-element_type=\"widget\" data-e-type=\"widget\" data-widget_type=\"text-editor.default\">\n\t\t\t\t<div class=\"elementor-widget-container\">\n\t\t\t\t\t\t\t\t\t<p>\u00a0( )*Autorizo que os meus dados pessoais sejam tratados informaticamente pela Renovar a Mouraria, nos termos estabelecidos na sua Pol\u00edtica de Privacidade, e de acordo com a legisla\u00e7\u00e3o de prote\u00e7\u00e3o de dados.<\/p>\t\t\t\t\t\t\t\t<\/div>\n\t\t\t\t<\/div>\n\t\t\t\t\t<\/div>\n\t\t<\/div>\n\t\t\t\t<div class=\"elementor-column elementor-col-50 elementor-top-column elementor-element elementor-element-7fad6c4\" data-id=\"7fad6c4\" data-element_type=\"column\" data-e-type=\"column\">\n\t\t\t<div class=\"elementor-widget-wrap\">\n\t\t\t\t\t\t\t<\/div>\n\t\t<\/div>\n\t\t\t\t\t<\/div>\n\t\t<\/section>\n\t\t\t\t<\/div>\n\t\t","protected":false},"excerpt":{"rendered":"<p>ser volunt\u00e1rio Se comunidade e multiculturalidade s\u00e3o causas que falam consigo, fale connosco! QUERO SER Volunt\u00e1rio ( )*Autorizo que os meus dados pessoais sejam tratados informaticamente pela Renovar a Mouraria, nos termos estabelecidos na sua Pol\u00edtica de Privacidade, e de acordo com a legisla\u00e7\u00e3o de prote\u00e7\u00e3o de dados.<\/p>\n","protected":false},"author":2,"featured_media":0,"parent":0,"menu_order":0,"comment_status":"closed","ping_status":"closed","template":"page-full-width.php","meta":{"footnotes":""},"class_list":["post-11347","page","type-page","status-publish","hentry"],"_links":{"self":[{"href":"https:\/\/renovaramouraria.pt\/pt\/wp-json\/wp\/v2\/pages\/11347","targetHints":{"allow":["GET"]}}],"collection":[{"href":"https:\/\/renovaramouraria.pt\/pt\/wp-json\/wp\/v2\/pages"}],"about":[{"href":"https:\/\/renovaramouraria.pt\/pt\/wp-json\/wp\/v2\/types\/page"}],"author":[{"embeddable":true,"href":"https:\/\/renovaramouraria.pt\/pt\/wp-json\/wp\/v2\/users\/2"}],"replies":[{"embeddable":true,"href":"https:\/\/renovaramouraria.pt\/pt\/wp-json\/wp\/v2\/comments?post=11347"}],"version-history":[{"count":0,"href":"https:\/\/renovaramouraria.pt\/pt\/wp-json\/wp\/v2\/pages\/11347\/revisions"}],"wp:attachment":[{"href":"https:\/\/renovaramouraria.pt\/pt\/wp-json\/wp\/v2\/media?parent=11347"}],"curies":[{"name":"wp","href":"https:\/\/api.w.org\/{rel}","templated":true}]}}