{"id":11249,"date":"2022-10-06T18:29:09","date_gmt":"2022-10-06T18:29:09","guid":{"rendered":"https:\/\/renovaramouraria.pt\/?page_id=11249"},"modified":"2023-09-04T11:30:14","modified_gmt":"2023-09-04T11:30:14","slug":"visitas-migrantour","status":"publish","type":"page","link":"https:\/\/renovaramouraria.pt\/pt\/visitas-migrantour\/","title":{"rendered":"Visitas Migrantour"},"content":{"rendered":"\t\t<div data-elementor-type=\"wp-page\" data-elementor-id=\"11249\" class=\"elementor elementor-11249\" data-elementor-post-type=\"page\">\n\t\t\t\t\t\t<section class=\"elementor-section elementor-top-section elementor-element elementor-element-38d324a elementor-section-full_width page-layout elementor-section-height-default elementor-section-height-default qodef-elementor-content-no\" data-id=\"38d324a\" data-element_type=\"section\" data-e-type=\"section\">\n\t\t\t\t\t\t<div class=\"elementor-container elementor-column-gap-default\">\n\t\t\t\t\t<div class=\"elementor-column elementor-col-100 elementor-top-column elementor-element elementor-element-90ce072\" data-id=\"90ce072\" data-element_type=\"column\" data-e-type=\"column\">\n\t\t\t<div class=\"elementor-widget-wrap elementor-element-populated\">\n\t\t\t\t\t\t<div class=\"elementor-element elementor-element-cc4c93a elementor-widget__width-initial elementor-widget elementor-widget-text-editor\" data-id=\"cc4c93a\" data-element_type=\"widget\" data-e-type=\"widget\" data-widget_type=\"text-editor.default\">\n\t\t\t\t<div class=\"elementor-widget-container\">\n\t\t\t\t\t\t\t\t\t<p style=\"text-align: justify;\"><span style=\"color: #000000;\">Passeios \u00fanicos com guias imigrantes que lhe mostrar\u00e3o uma Lisboa diferente e mais real pelas ruas de um dos bairros com maior diversidade cultural. Os nossos guias s\u00e3o oriundos de pa\u00edses como Bangladesh, Brasil, Chile, China, Espanha e Nepal. Atrav\u00e9s da partilha das suas hist\u00f3rias pessoais e culturais, proporcionam aos participantes uma viagem imersiva pela cidade.&nbsp;<\/span><span style=\"color: #000000; font-family: var( --e-global-typography-text-font-family ), Sans-serif; font-weight: var( --e-global-typography-text-font-weight );\">Visita a visita, queremos tecer a inclus\u00e3o social e a diversidade cultural, encontrando a geografia da empatia.&nbsp;<\/span><\/p>\n<p><span style=\"color: #000000;\">&nbsp;<\/span><\/p>\n<p><span style=\"color: #000000; font-family: Montserrat;\">\u00bb Descubra o nosso<a href=\"https:\/\/drive.google.com\/file\/d\/1MGOGxnfwwdIQCkrNqkKUJj_lXXMtmXx3\/view?usp=sharing\"> <strong>Manifesto<\/strong><\/a><\/span><\/p>\n<p><span style=\"color: #000000; font-family: Montserrat;\">\u00bb Percorra o <a href=\"https:\/\/uploads.knightlab.com\/storymapjs\/fe2d4b9a4fea70e4803d0231eeea4b7c\/migrantour-lisboa\/draft.html\"><b>Mapa Digital Migrantour Lisboa<\/b><\/a><\/span><\/p>\n<p>\u00bb Visite o<a href=\"https:\/\/migrantourguide.eu\/\"> <b>site<\/b> do Migrantour Sustainable Routes<\/a><\/p>\n<p><span style=\"color: #000000; font-family: Montserrat;\">\u00bb Consulte&nbsp;<strong><a href=\"https:\/\/www.canva.com\/design\/DAFQV8q4znY\/1Ooaqc6eM2TkCM_5_txx-A\/view?utm_content=DAFQV8q4znY&amp;utm_campaign=designshare&amp;utm_medium=link&amp;utm_source=publishsharelink\">aqui<\/a> <\/strong>o nosso flyer e pre\u00e7\u00e1rio.<\/span><\/p>\n<p><span style=\"color: #000000; font-family: Montserrat;\">&nbsp;<\/span><\/p>\n<p><span style=\"color: #000000; font-family: Montserrat;\"><strong>Mais informa\u00e7\u00f5es<\/strong><\/span><\/p>\n<p><a href=\"https:\/\/www.facebook.com\/migrantourlisboa\"><span style=\"font-family: Montserrat;\">Facebook<\/span><\/a><\/p>\n<p><a href=\"http:\/\/www.mygrantour.org\/pt-pt\/\"><span style=\"font-family: Montserrat;\">Website<\/span><\/a><\/p>\n<p><\/p>\n<p><span style=\"color: #000000; font-family: Montserrat;\"><strong>Modo e Hor\u00e1rio de Funcionamento<\/strong><\/span><br><span style=\"color: #000000; font-family: Montserrat;\">As visitas realizam-se em qualquer hor\u00e1rio e dia de semana mediante marca\u00e7\u00e3o pr\u00e9via.<\/span><\/p>\n<p><span style=\"color: #000000; font-family: Montserrat;\">Para saber disponibilidades e valores utilizar os contactos disponibilizados.<\/span><\/p>\n<p><span style=\"color: #000000; font-family: Montserrat;\">Percursos adaptados a grupos escolares de acordo com o ciclo de escolaridade.<\/span><\/p>\n<p><span style=\"color: #000000; font-family: Montserrat;\">&nbsp;<\/span><\/p>\n<p><\/p>\n<p><span style=\"font-family: Montserrat;\"><span style=\"color: #000000;\"><strong>T\u00e9cnica Respons\u00e1vel<\/strong><br><\/span><span style=\"color: #000000;\">Carla Costa<\/span><\/span><\/p>\n<p><span style=\"font-family: Montserrat;\"><span style=\"color: #000000;\">&nbsp;<\/span><\/span><\/p>\n<p><\/p>\n<p><span style=\"font-family: Montserrat;\"><span style=\"color: #000000;\"><strong>Contactos<\/strong><br><\/span><span style=\"color: #000000;\">+351 922 191 892&nbsp;<\/span><\/span><\/p>\n<p><span style=\"color: #000000; font-family: Montserrat;\"><a href=\"mailto:migrantour@renovaramouraria.pt\">migrantour@renovaramouraria.pt<\/a>&nbsp;<\/span><\/p>\t\t\t\t\t\t\t\t<\/div>\n\t\t\t\t<\/div>\n\t\t\t\t<div class=\"elementor-element elementor-element-2e87c53 elementor-widget-divider--view-line elementor-widget elementor-widget-divider\" data-id=\"2e87c53\" data-element_type=\"widget\" data-e-type=\"widget\" data-widget_type=\"divider.default\">\n\t\t\t\t<div class=\"elementor-widget-container\">\n\t\t\t\t\t\t\t<div class=\"elementor-divider\">\n\t\t\t<span class=\"elementor-divider-separator\">\n\t\t\t\t\t\t<\/span>\n\t\t<\/div>\n\t\t\t\t\t\t<\/div>\n\t\t\t\t<\/div>\n\t\t\t\t<div class=\"elementor-element elementor-element-169250e elementor--h-position-center elementor--v-position-middle elementor-arrows-position-inside elementor-pagination-position-inside elementor-widget elementor-widget-slides\" data-id=\"169250e\" data-element_type=\"widget\" data-e-type=\"widget\" data-settings=\"{&quot;navigation&quot;:&quot;both&quot;,&quot;autoplay&quot;:&quot;yes&quot;,&quot;pause_on_hover&quot;:&quot;yes&quot;,&quot;pause_on_interaction&quot;:&quot;yes&quot;,&quot;autoplay_speed&quot;:5000,&quot;infinite&quot;:&quot;yes&quot;,&quot;transition&quot;:&quot;slide&quot;,&quot;transition_speed&quot;:500}\" data-widget_type=\"slides.default\">\n\t\t\t\t<div class=\"elementor-widget-container\">\n\t\t\t\t\t\t\t<div class=\"elementor-swiper\">\n\t\t\t<div class=\"elementor-slides-wrapper elementor-main-swiper swiper-container\" dir=\"ltr\" data-animation=\"fadeInUp\">\n\t\t\t\t<div class=\"swiper-wrapper elementor-slides\">\n\t\t\t\t\t\t\t\t\t\t<div class=\"elementor-repeater-item-89b580b swiper-slide\"><div class=\"swiper-slide-bg\" role=\"img\"><\/div><div class=\"swiper-slide-inner\" ><div class=\"swiper-slide-contents\"><\/div><\/div><\/div><div class=\"elementor-repeater-item-6639fff swiper-slide\"><div class=\"swiper-slide-bg\" role=\"img\"><\/div><div class=\"swiper-slide-inner\" ><div class=\"swiper-slide-contents\"><\/div><\/div><\/div><div class=\"elementor-repeater-item-5065cf7 swiper-slide\"><div class=\"swiper-slide-bg\" role=\"img\"><\/div><div class=\"swiper-slide-inner\" ><div class=\"swiper-slide-contents\"><\/div><\/div><\/div>\t\t\t\t<\/div>\n\t\t\t\t\t\t\t\t\t\t\t\t\t\t\t<div class=\"swiper-pagination\"><\/div>\n\t\t\t\t\t\t\t\t\t\t\t\t\t\t\t\t<div class=\"elementor-swiper-button elementor-swiper-button-prev\" role=\"button\" tabindex=\"0\">\n\t\t\t\t\t\t\t<i aria-hidden=\"true\" class=\"eicon-chevron-left\"><\/i>\t\t\t\t\t\t\t<span class=\"elementor-screen-only\">Previous slide<\/span>\n\t\t\t\t\t\t<\/div>\n\t\t\t\t\t\t<div class=\"elementor-swiper-button elementor-swiper-button-next\" role=\"button\" tabindex=\"0\">\n\t\t\t\t\t\t\t<i aria-hidden=\"true\" class=\"eicon-chevron-right\"><\/i>\t\t\t\t\t\t\t<span class=\"elementor-screen-only\">Next slide<\/span>\n\t\t\t\t\t\t<\/div>\n\t\t\t\t\t\t\t\t\t\t\t\t<\/div>\n\t\t<\/div>\n\t\t\t\t\t\t<\/div>\n\t\t\t\t<\/div>\n\t\t\t\t<div class=\"elementor-element elementor-element-498d32e elementor-widget-divider--view-line elementor-widget elementor-widget-divider\" data-id=\"498d32e\" data-element_type=\"widget\" data-e-type=\"widget\" data-widget_type=\"divider.default\">\n\t\t\t\t<div class=\"elementor-widget-container\">\n\t\t\t\t\t\t\t<div class=\"elementor-divider\">\n\t\t\t<span class=\"elementor-divider-separator\">\n\t\t\t\t\t\t<\/span>\n\t\t<\/div>\n\t\t\t\t\t\t<\/div>\n\t\t\t\t<\/div>\n\t\t\t\t<div class=\"elementor-element elementor-element-9a54277 elementor-widget elementor-widget-image\" data-id=\"9a54277\" data-element_type=\"widget\" data-e-type=\"widget\" data-widget_type=\"image.default\">\n\t\t\t\t<div class=\"elementor-widget-container\">\n\t\t\t\t\t\t\t\t\t\t\t\t\t\t\t<img fetchpriority=\"high\" decoding=\"async\" width=\"1366\" height=\"253\" src=\"https:\/\/renovaramouraria.pt\/wp-content\/uploads\/barralogosmigrantour.png\" class=\"attachment-full size-full wp-image-11736\" alt=\"\" srcset=\"https:\/\/renovaramouraria.pt\/wp-content\/uploads\/barralogosmigrantour.png 1366w, https:\/\/renovaramouraria.pt\/wp-content\/uploads\/barralogosmigrantour-300x56.png 300w, https:\/\/renovaramouraria.pt\/wp-content\/uploads\/barralogosmigrantour-1024x190.png 1024w, https:\/\/renovaramouraria.pt\/wp-content\/uploads\/barralogosmigrantour-768x142.png 768w, https:\/\/renovaramouraria.pt\/wp-content\/uploads\/barralogosmigrantour-600x111.png 600w\" sizes=\"(max-width: 1366px) 100vw, 1366px\" \/>\t\t\t\t\t\t\t\t\t\t\t\t\t\t\t<\/div>\n\t\t\t\t<\/div>\n\t\t\t\t<div class=\"elementor-element elementor-element-a36397a elementor-widget-divider--view-line elementor-widget elementor-widget-divider\" data-id=\"a36397a\" data-element_type=\"widget\" data-e-type=\"widget\" data-widget_type=\"divider.default\">\n\t\t\t\t<div class=\"elementor-widget-container\">\n\t\t\t\t\t\t\t<div class=\"elementor-divider\">\n\t\t\t<span class=\"elementor-divider-separator\">\n\t\t\t\t\t\t<\/span>\n\t\t<\/div>\n\t\t\t\t\t\t<\/div>\n\t\t\t\t<\/div>\n\t\t\t\t\t<\/div>\n\t\t<\/div>\n\t\t\t\t\t<\/div>\n\t\t<\/section>\n\t\t\t\t<\/div>\n\t\t","protected":false},"excerpt":{"rendered":"<p>Passeios \u00fanicos com guias imigrantes que lhe mostrar\u00e3o uma Lisboa diferente e mais real pelas ruas de um dos bairros com maior diversidade cultural. Os nossos guias s\u00e3o oriundos de pa\u00edses como Bangladesh, Brasil, Chile, China, Espanha e Nepal. Atrav\u00e9s da partilha das suas hist\u00f3rias pessoais e culturais, proporcionam aos participantes uma viagem imersiva pela [&hellip;]<\/p>\n","protected":false},"author":2,"featured_media":0,"parent":0,"menu_order":0,"comment_status":"closed","ping_status":"closed","template":"","meta":{"footnotes":""},"class_list":["post-11249","page","type-page","status-publish","hentry"],"_links":{"self":[{"href":"https:\/\/renovaramouraria.pt\/pt\/wp-json\/wp\/v2\/pages\/11249","targetHints":{"allow":["GET"]}}],"collection":[{"href":"https:\/\/renovaramouraria.pt\/pt\/wp-json\/wp\/v2\/pages"}],"about":[{"href":"https:\/\/renovaramouraria.pt\/pt\/wp-json\/wp\/v2\/types\/page"}],"author":[{"embeddable":true,"href":"https:\/\/renovaramouraria.pt\/pt\/wp-json\/wp\/v2\/users\/2"}],"replies":[{"embeddable":true,"href":"https:\/\/renovaramouraria.pt\/pt\/wp-json\/wp\/v2\/comments?post=11249"}],"version-history":[{"count":0,"href":"https:\/\/renovaramouraria.pt\/pt\/wp-json\/wp\/v2\/pages\/11249\/revisions"}],"wp:attachment":[{"href":"https:\/\/renovaramouraria.pt\/pt\/wp-json\/wp\/v2\/media?parent=11249"}],"curies":[{"name":"wp","href":"https:\/\/api.w.org\/{rel}","templated":true}]}}