{"id":11233,"date":"2022-10-06T18:22:28","date_gmt":"2022-10-06T18:22:28","guid":{"rendered":"https:\/\/renovaramouraria.pt\/?page_id=11233"},"modified":"2023-10-24T10:51:32","modified_gmt":"2023-10-24T10:51:32","slug":"regularizacao-do-migrante","status":"publish","type":"page","link":"https:\/\/renovaramouraria.pt\/pt\/regularizacao-do-migrante\/","title":{"rendered":"Regulariza\u00e7\u00e3o do Migrante"},"content":{"rendered":"\t\t<div data-elementor-type=\"wp-page\" data-elementor-id=\"11233\" class=\"elementor elementor-11233\" data-elementor-post-type=\"page\">\n\t\t\t\t\t\t<section class=\"elementor-section elementor-top-section elementor-element elementor-element-9a14447 elementor-section-full_width page-layout elementor-section-height-default elementor-section-height-default qodef-elementor-content-no\" data-id=\"9a14447\" data-element_type=\"section\" data-e-type=\"section\">\n\t\t\t\t\t\t<div class=\"elementor-container elementor-column-gap-default\">\n\t\t\t\t\t<div class=\"elementor-column elementor-col-100 elementor-top-column elementor-element elementor-element-639757b\" data-id=\"639757b\" data-element_type=\"column\" data-e-type=\"column\">\n\t\t\t<div class=\"elementor-widget-wrap elementor-element-populated\">\n\t\t\t\t\t\t<div class=\"elementor-element elementor-element-f7012f1 elementor-widget__width-initial elementor-widget elementor-widget-text-editor\" data-id=\"f7012f1\" data-element_type=\"widget\" data-e-type=\"widget\" data-widget_type=\"text-editor.default\">\n\t\t\t\t<div class=\"elementor-widget-container\">\n\t\t\t\t\t\t\t\t\t<p>Podemos ajud\u00e1-lo nos processos de regulariza\u00e7\u00e3o. Vive, trabalha, estuda ou tem filhos que estudam na Freguesia de Santa Maria Maior? Este servi\u00e7o \u00e9 para si. Se \u00e9 s\u00f3cio ou volunt\u00e1rio da Associa\u00e7\u00e3o Renovar a Mouraria, tamb\u00e9m.<\/p><p>\u00a0<\/p><p><strong>Prestamos apoio gratuito com:<\/strong><\/p><p>Reagrupamento familiar<br \/>Manifesta\u00e7\u00e3o de interesse<br \/>Nacionalidade<br \/>Autoriza\u00e7\u00e3o de resid\u00eancia permanente<br \/>Contacto com servi\u00e7os p\u00fablicos (SEF, Autoridade Tribut\u00e1ria, Conservat\u00f3ria, IMT, etc.)<\/p><p>\u00a0<\/p><p><strong>Modo e Hor\u00e1rio de Funcionamento<\/strong><\/p><p>Novas informa\u00e7\u00f5es em breve<\/p><p><strong style=\"color: var( --e-global-color-text ); font-family: var( --e-global-typography-text-font-family ), Sans-serif;\">T\u00e9cnica respons\u00e1vel<\/strong><\/p><p>Larissa Nicolosi<\/p><p><strong>Contacto<\/strong><\/p><p>Novas informa\u00e7\u00f5es em breve<\/p>\t\t\t\t\t\t\t\t<\/div>\n\t\t\t\t<\/div>\n\t\t\t\t<div class=\"elementor-element elementor-element-3246c69 elementor-widget-divider--view-line elementor-widget elementor-widget-divider\" data-id=\"3246c69\" data-element_type=\"widget\" data-e-type=\"widget\" data-widget_type=\"divider.default\">\n\t\t\t\t<div class=\"elementor-widget-container\">\n\t\t\t\t\t\t\t<div class=\"elementor-divider\">\n\t\t\t<span class=\"elementor-divider-separator\">\n\t\t\t\t\t\t<\/span>\n\t\t<\/div>\n\t\t\t\t\t\t<\/div>\n\t\t\t\t<\/div>\n\t\t\t\t<div class=\"elementor-element elementor-element-7a1d7f0 elementor--h-position-center elementor--v-position-middle elementor-arrows-position-inside elementor-pagination-position-inside elementor-widget elementor-widget-slides\" data-id=\"7a1d7f0\" data-element_type=\"widget\" data-e-type=\"widget\" data-settings=\"{&quot;navigation&quot;:&quot;both&quot;,&quot;autoplay&quot;:&quot;yes&quot;,&quot;pause_on_hover&quot;:&quot;yes&quot;,&quot;pause_on_interaction&quot;:&quot;yes&quot;,&quot;autoplay_speed&quot;:5000,&quot;infinite&quot;:&quot;yes&quot;,&quot;transition&quot;:&quot;slide&quot;,&quot;transition_speed&quot;:500}\" data-widget_type=\"slides.default\">\n\t\t\t\t<div class=\"elementor-widget-container\">\n\t\t\t\t\t\t\t<div class=\"elementor-swiper\">\n\t\t\t<div class=\"elementor-slides-wrapper elementor-main-swiper swiper-container\" dir=\"ltr\" data-animation=\"fadeInUp\">\n\t\t\t\t<div class=\"swiper-wrapper elementor-slides\">\n\t\t\t\t\t\t\t\t\t\t<div class=\"elementor-repeater-item-00e30ba swiper-slide\"><div class=\"swiper-slide-bg\" role=\"img\"><\/div><div class=\"swiper-slide-inner\" ><div class=\"swiper-slide-contents\"><\/div><\/div><\/div><div class=\"elementor-repeater-item-5a47644 swiper-slide\"><div class=\"swiper-slide-bg\" role=\"img\"><\/div><div class=\"swiper-slide-inner\" ><div class=\"swiper-slide-contents\"><\/div><\/div><\/div>\t\t\t\t<\/div>\n\t\t\t\t\t\t\t\t\t\t\t\t\t\t\t<div class=\"swiper-pagination\"><\/div>\n\t\t\t\t\t\t\t\t\t\t\t\t\t\t\t\t<div class=\"elementor-swiper-button elementor-swiper-button-prev\" role=\"button\" tabindex=\"0\">\n\t\t\t\t\t\t\t<i aria-hidden=\"true\" class=\"eicon-chevron-left\"><\/i>\t\t\t\t\t\t\t<span class=\"elementor-screen-only\">Previous slide<\/span>\n\t\t\t\t\t\t<\/div>\n\t\t\t\t\t\t<div class=\"elementor-swiper-button elementor-swiper-button-next\" role=\"button\" tabindex=\"0\">\n\t\t\t\t\t\t\t<i aria-hidden=\"true\" class=\"eicon-chevron-right\"><\/i>\t\t\t\t\t\t\t<span class=\"elementor-screen-only\">Next slide<\/span>\n\t\t\t\t\t\t<\/div>\n\t\t\t\t\t\t\t\t\t\t\t\t<\/div>\n\t\t<\/div>\n\t\t\t\t\t\t<\/div>\n\t\t\t\t<\/div>\n\t\t\t\t\t<\/div>\n\t\t<\/div>\n\t\t\t\t\t<\/div>\n\t\t<\/section>\n\t\t\t\t<\/div>\n\t\t","protected":false},"excerpt":{"rendered":"<p>Podemos ajud\u00e1-lo nos processos de regulariza\u00e7\u00e3o. Vive, trabalha, estuda ou tem filhos que estudam na Freguesia de Santa Maria Maior? Este servi\u00e7o \u00e9 para si. Se \u00e9 s\u00f3cio ou volunt\u00e1rio da Associa\u00e7\u00e3o Renovar a Mouraria, tamb\u00e9m. \u00a0 Prestamos apoio gratuito com: Reagrupamento familiarManifesta\u00e7\u00e3o de interesseNacionalidadeAutoriza\u00e7\u00e3o de resid\u00eancia permanenteContacto com servi\u00e7os p\u00fablicos (SEF, Autoridade Tribut\u00e1ria, Conservat\u00f3ria, [&hellip;]<\/p>\n","protected":false},"author":2,"featured_media":0,"parent":0,"menu_order":0,"comment_status":"closed","ping_status":"closed","template":"","meta":{"footnotes":""},"class_list":["post-11233","page","type-page","status-publish","hentry"],"_links":{"self":[{"href":"https:\/\/renovaramouraria.pt\/pt\/wp-json\/wp\/v2\/pages\/11233","targetHints":{"allow":["GET"]}}],"collection":[{"href":"https:\/\/renovaramouraria.pt\/pt\/wp-json\/wp\/v2\/pages"}],"about":[{"href":"https:\/\/renovaramouraria.pt\/pt\/wp-json\/wp\/v2\/types\/page"}],"author":[{"embeddable":true,"href":"https:\/\/renovaramouraria.pt\/pt\/wp-json\/wp\/v2\/users\/2"}],"replies":[{"embeddable":true,"href":"https:\/\/renovaramouraria.pt\/pt\/wp-json\/wp\/v2\/comments?post=11233"}],"version-history":[{"count":0,"href":"https:\/\/renovaramouraria.pt\/pt\/wp-json\/wp\/v2\/pages\/11233\/revisions"}],"wp:attachment":[{"href":"https:\/\/renovaramouraria.pt\/pt\/wp-json\/wp\/v2\/media?parent=11233"}],"curies":[{"name":"wp","href":"https:\/\/api.w.org\/{rel}","templated":true}]}}