{"id":11208,"date":"2022-10-06T18:08:22","date_gmt":"2022-10-06T18:08:22","guid":{"rendered":"https:\/\/renovaramouraria.pt\/?page_id=11208"},"modified":"2023-07-06T14:37:56","modified_gmt":"2023-07-06T14:37:56","slug":"cursos-de-portugues","status":"publish","type":"page","link":"https:\/\/renovaramouraria.pt\/pt\/cursos-de-portugues\/","title":{"rendered":"Cursos de Portugu\u00eas"},"content":{"rendered":"\t\t<div data-elementor-type=\"wp-page\" data-elementor-id=\"11208\" class=\"elementor elementor-11208\" data-elementor-post-type=\"page\">\n\t\t\t\t\t\t<section class=\"elementor-section elementor-top-section elementor-element elementor-element-a393300 elementor-section-full_width page-layout elementor-section-height-default elementor-section-height-default qodef-elementor-content-no\" data-id=\"a393300\" data-element_type=\"section\" data-e-type=\"section\">\n\t\t\t\t\t\t<div class=\"elementor-container elementor-column-gap-default\">\n\t\t\t\t\t<div class=\"elementor-column elementor-col-100 elementor-top-column elementor-element elementor-element-27ad14f\" data-id=\"27ad14f\" data-element_type=\"column\" data-e-type=\"column\">\n\t\t\t<div class=\"elementor-widget-wrap elementor-element-populated\">\n\t\t\t\t\t\t<div class=\"elementor-element elementor-element-550bcc1 elementor-widget elementor-widget-henrik_core_section_title\" data-id=\"550bcc1\" data-element_type=\"widget\" data-e-type=\"widget\" data-widget_type=\"henrik_core_section_title.default\">\n\t\t\t\t<div class=\"elementor-widget-container\">\n\t\t\t\t\t<div class=\"qodef-shortcode qodef-m  qodef-section-title qodef-alignment--left \">\n\t\t\t<h2 class=\"qodef-m-title\" >\n\t\t\t\t\tCURSOS DE PORTUGU\u00caS\t\t\t<\/h2>\n\t<\/div>\n\t\t\t\t<\/div>\n\t\t\t\t<\/div>\n\t\t\t\t<div class=\"elementor-element elementor-element-472d4f1 elementor-widget__width-initial elementor-widget elementor-widget-text-editor\" data-id=\"472d4f1\" data-element_type=\"widget\" data-e-type=\"widget\" data-widget_type=\"text-editor.default\">\n\t\t\t\t<div class=\"elementor-widget-container\">\n\t\t\t\t\t\t\t\t\t<p><span style=\"font-family: Montserrat; color: #000000;\">Promovemos cursos de Portugu\u00eas L\u00edngua de Acolhimento, j\u00e1 que a aprendizagem \u00e9 t\u00e3o essencial para a inser\u00e7\u00e3o no mercado laboral e na sociedade em geral. Est\u00e3o dispon\u00edveis c<span class=\"WdYUQQ\">ursos de inicia\u00e7\u00e3o, com a dura\u00e7\u00e3o de 25 horas e cursos de Portugu\u00eas avan\u00e7ado, com a dura\u00e7\u00e3o de 150 horas.\u00a0<\/span><\/span><\/p><p><span style=\"color: #000000; font-weight: var( --e-global-typography-text-font-weight ); letter-spacing: -0.02em; font-family: Montserrat;\">Os cursos est\u00e3o constru\u00eddos para permitir tamb\u00e9m um espa\u00e7o de conv\u00edvio entre comunidades e de integra\u00e7\u00e3o e destinam-se a diferentes faixas et\u00e1rias, desde crian\u00e7as e jovens a adultos.<\/span><\/p><p><span style=\"color: #000000; font-weight: var( --e-global-typography-text-font-weight ); letter-spacing: -0.02em; font-family: Montserrat;\">\u00a0<\/span><\/p><p><span style=\"color: #000000; font-family: Montserrat;\"><strong>T\u00e9cnica Respons\u00e1vel<\/strong><\/span><\/p><p><span style=\"color: #000000; font-family: Montserrat;\">Maria Jo\u00e3o Pereira<\/span><\/p><p><span style=\"color: #000000;\"><strong>Contactos<\/strong><\/span><\/p><p><span style=\"color: #000000;\">mariajoaopereira@renovaramouraria.pt\u00a0<\/span><\/p><p><span style=\"color: #000000;\">\u00a0<\/span><\/p>\t\t\t\t\t\t\t\t<\/div>\n\t\t\t\t<\/div>\n\t\t\t\t<div class=\"elementor-element elementor-element-0c7e4b9 elementor-widget elementor-widget-image\" data-id=\"0c7e4b9\" data-element_type=\"widget\" data-e-type=\"widget\" data-widget_type=\"image.default\">\n\t\t\t\t<div class=\"elementor-widget-container\">\n\t\t\t\t\t\t\t\t\t\t\t\t\t\t\t<img fetchpriority=\"high\" decoding=\"async\" width=\"724\" height=\"1024\" src=\"https:\/\/renovaramouraria.pt\/wp-content\/uploads\/1-1-724x1024.png\" class=\"attachment-large size-large wp-image-12865\" alt=\"\" srcset=\"https:\/\/renovaramouraria.pt\/wp-content\/uploads\/1-1-724x1024.png 724w, https:\/\/renovaramouraria.pt\/wp-content\/uploads\/1-1-212x300.png 212w, https:\/\/renovaramouraria.pt\/wp-content\/uploads\/1-1-768x1086.png 768w, https:\/\/renovaramouraria.pt\/wp-content\/uploads\/1-1-1086x1536.png 1086w, https:\/\/renovaramouraria.pt\/wp-content\/uploads\/1-1-600x849.png 600w, https:\/\/renovaramouraria.pt\/wp-content\/uploads\/1-1.png 1414w\" sizes=\"(max-width: 724px) 100vw, 724px\" \/>\t\t\t\t\t\t\t\t\t\t\t\t\t\t\t<\/div>\n\t\t\t\t<\/div>\n\t\t\t\t<div class=\"elementor-element elementor-element-73ac5ef elementor-widget elementor-widget-image\" data-id=\"73ac5ef\" data-element_type=\"widget\" data-e-type=\"widget\" data-widget_type=\"image.default\">\n\t\t\t\t<div class=\"elementor-widget-container\">\n\t\t\t\t\t\t\t\t\t\t\t\t\t\t\t<img decoding=\"async\" width=\"940\" height=\"788\" src=\"https:\/\/renovaramouraria.pt\/wp-content\/uploads\/ODS-Projetos-9.png\" class=\"attachment-large size-large wp-image-12069\" alt=\"ODS\" srcset=\"https:\/\/renovaramouraria.pt\/wp-content\/uploads\/ODS-Projetos-9.png 940w, https:\/\/renovaramouraria.pt\/wp-content\/uploads\/ODS-Projetos-9-300x251.png 300w, https:\/\/renovaramouraria.pt\/wp-content\/uploads\/ODS-Projetos-9-768x644.png 768w, https:\/\/renovaramouraria.pt\/wp-content\/uploads\/ODS-Projetos-9-600x503.png 600w\" sizes=\"(max-width: 940px) 100vw, 940px\" \/>\t\t\t\t\t\t\t\t\t\t\t\t\t\t\t<\/div>\n\t\t\t\t<\/div>\n\t\t\t\t<div class=\"elementor-element elementor-element-d96c881 elementor-widget elementor-widget-text-editor\" data-id=\"d96c881\" data-element_type=\"widget\" data-e-type=\"widget\" data-widget_type=\"text-editor.default\">\n\t\t\t\t<div class=\"elementor-widget-container\">\n\t\t\t\t\t\t\t\t\t<p><span style=\"color: #000000;\"><strong>Financiamento<\/strong><\/span><\/p><p><span style=\"font-weight: 400; color: #000000;\">FAMI &#8211; Fundo para o Asilo, as Migra\u00e7\u00f5es e a Integra\u00e7\u00e3o e Or\u00e7amento do Estado Portugu\u00eas<\/span><\/p>\t\t\t\t\t\t\t\t<\/div>\n\t\t\t\t<\/div>\n\t\t\t\t<div class=\"elementor-element elementor-element-8a3699c elementor-widget-divider--view-line elementor-widget elementor-widget-divider\" data-id=\"8a3699c\" data-element_type=\"widget\" data-e-type=\"widget\" data-widget_type=\"divider.default\">\n\t\t\t\t<div class=\"elementor-widget-container\">\n\t\t\t\t\t\t\t<div class=\"elementor-divider\">\n\t\t\t<span class=\"elementor-divider-separator\">\n\t\t\t\t\t\t<\/span>\n\t\t<\/div>\n\t\t\t\t\t\t<\/div>\n\t\t\t\t<\/div>\n\t\t\t\t<div class=\"elementor-element elementor-element-435c8d6 elementor-widget-divider--view-line elementor-widget elementor-widget-divider\" data-id=\"435c8d6\" data-element_type=\"widget\" data-e-type=\"widget\" data-widget_type=\"divider.default\">\n\t\t\t\t<div class=\"elementor-widget-container\">\n\t\t\t\t\t\t\t<div class=\"elementor-divider\">\n\t\t\t<span class=\"elementor-divider-separator\">\n\t\t\t\t\t\t<\/span>\n\t\t<\/div>\n\t\t\t\t\t\t<\/div>\n\t\t\t\t<\/div>\n\t\t\t\t<div class=\"elementor-element elementor-element-f6321e7 elementor--h-position-center elementor--v-position-middle elementor-arrows-position-inside elementor-pagination-position-inside elementor-widget elementor-widget-slides\" data-id=\"f6321e7\" data-element_type=\"widget\" data-e-type=\"widget\" data-settings=\"{&quot;navigation&quot;:&quot;both&quot;,&quot;autoplay&quot;:&quot;yes&quot;,&quot;pause_on_hover&quot;:&quot;yes&quot;,&quot;pause_on_interaction&quot;:&quot;yes&quot;,&quot;autoplay_speed&quot;:5000,&quot;infinite&quot;:&quot;yes&quot;,&quot;transition&quot;:&quot;slide&quot;,&quot;transition_speed&quot;:500}\" data-widget_type=\"slides.default\">\n\t\t\t\t<div class=\"elementor-widget-container\">\n\t\t\t\t\t\t\t<div class=\"elementor-swiper\">\n\t\t\t<div class=\"elementor-slides-wrapper elementor-main-swiper swiper-container\" dir=\"ltr\" data-animation=\"fadeInUp\">\n\t\t\t\t<div class=\"swiper-wrapper elementor-slides\">\n\t\t\t\t\t\t\t\t\t\t<div class=\"elementor-repeater-item-fd464ce swiper-slide\"><div class=\"swiper-slide-bg\" role=\"img\"><\/div><div class=\"swiper-slide-inner\" ><div class=\"swiper-slide-contents\"><\/div><\/div><\/div><div class=\"elementor-repeater-item-1a9f762 swiper-slide\"><div class=\"swiper-slide-bg\" role=\"img\"><\/div><div class=\"swiper-slide-inner\" ><div class=\"swiper-slide-contents\"><\/div><\/div><\/div><div class=\"elementor-repeater-item-ae279a9 swiper-slide\"><div class=\"swiper-slide-bg\" role=\"img\"><\/div><div class=\"swiper-slide-inner\" ><div class=\"swiper-slide-contents\"><\/div><\/div><\/div><div class=\"elementor-repeater-item-057fb96 swiper-slide\"><div class=\"swiper-slide-bg\" role=\"img\"><\/div><div class=\"swiper-slide-inner\" ><div class=\"swiper-slide-contents\"><\/div><\/div><\/div>\t\t\t\t<\/div>\n\t\t\t\t\t\t\t\t\t\t\t\t\t\t\t<div class=\"swiper-pagination\"><\/div>\n\t\t\t\t\t\t\t\t\t\t\t\t\t\t\t\t<div class=\"elementor-swiper-button elementor-swiper-button-prev\" role=\"button\" tabindex=\"0\">\n\t\t\t\t\t\t\t<i aria-hidden=\"true\" class=\"eicon-chevron-left\"><\/i>\t\t\t\t\t\t\t<span class=\"elementor-screen-only\">Previous slide<\/span>\n\t\t\t\t\t\t<\/div>\n\t\t\t\t\t\t<div class=\"elementor-swiper-button elementor-swiper-button-next\" role=\"button\" tabindex=\"0\">\n\t\t\t\t\t\t\t<i aria-hidden=\"true\" class=\"eicon-chevron-right\"><\/i>\t\t\t\t\t\t\t<span class=\"elementor-screen-only\">Next slide<\/span>\n\t\t\t\t\t\t<\/div>\n\t\t\t\t\t\t\t\t\t\t\t\t<\/div>\n\t\t<\/div>\n\t\t\t\t\t\t<\/div>\n\t\t\t\t<\/div>\n\t\t\t\t<div class=\"elementor-element elementor-element-e53f67f elementor-widget elementor-widget-spacer\" data-id=\"e53f67f\" data-element_type=\"widget\" data-e-type=\"widget\" data-widget_type=\"spacer.default\">\n\t\t\t\t<div class=\"elementor-widget-container\">\n\t\t\t\t\t\t\t<div class=\"elementor-spacer\">\n\t\t\t<div class=\"elementor-spacer-inner\"><\/div>\n\t\t<\/div>\n\t\t\t\t\t\t<\/div>\n\t\t\t\t<\/div>\n\t\t\t\t<div class=\"elementor-element elementor-element-46c327d elementor-widget elementor-widget-image\" data-id=\"46c327d\" data-element_type=\"widget\" data-e-type=\"widget\" data-widget_type=\"image.default\">\n\t\t\t\t<div class=\"elementor-widget-container\">\n\t\t\t\t\t\t\t\t\t\t\t\t\t\t\t<img decoding=\"async\" width=\"2600\" height=\"287\" src=\"https:\/\/renovaramouraria.pt\/wp-content\/uploads\/barra-de-logos-atualizada.png\" class=\"attachment-full size-full wp-image-10106\" alt=\"\" srcset=\"https:\/\/renovaramouraria.pt\/wp-content\/uploads\/barra-de-logos-atualizada.png 2600w, https:\/\/renovaramouraria.pt\/wp-content\/uploads\/barra-de-logos-atualizada-300x33.png 300w, https:\/\/renovaramouraria.pt\/wp-content\/uploads\/barra-de-logos-atualizada-1024x113.png 1024w, https:\/\/renovaramouraria.pt\/wp-content\/uploads\/barra-de-logos-atualizada-768x85.png 768w, https:\/\/renovaramouraria.pt\/wp-content\/uploads\/barra-de-logos-atualizada-1536x170.png 1536w, https:\/\/renovaramouraria.pt\/wp-content\/uploads\/barra-de-logos-atualizada-2048x226.png 2048w, https:\/\/renovaramouraria.pt\/wp-content\/uploads\/barra-de-logos-atualizada-600x66.png 600w\" sizes=\"(max-width: 2600px) 100vw, 2600px\" \/>\t\t\t\t\t\t\t\t\t\t\t\t\t\t\t<\/div>\n\t\t\t\t<\/div>\n\t\t\t\t<div class=\"elementor-element elementor-element-ca6233f elementor-widget-divider--view-line elementor-widget elementor-widget-divider\" data-id=\"ca6233f\" data-element_type=\"widget\" data-e-type=\"widget\" data-widget_type=\"divider.default\">\n\t\t\t\t<div class=\"elementor-widget-container\">\n\t\t\t\t\t\t\t<div class=\"elementor-divider\">\n\t\t\t<span class=\"elementor-divider-separator\">\n\t\t\t\t\t\t<\/span>\n\t\t<\/div>\n\t\t\t\t\t\t<\/div>\n\t\t\t\t<\/div>\n\t\t\t\t\t<\/div>\n\t\t<\/div>\n\t\t\t\t\t<\/div>\n\t\t<\/section>\n\t\t\t\t<\/div>\n\t\t","protected":false},"excerpt":{"rendered":"<p>CURSOS DE PORTUGU\u00caS Promovemos cursos de Portugu\u00eas L\u00edngua de Acolhimento, j\u00e1 que a aprendizagem \u00e9 t\u00e3o essencial para a inser\u00e7\u00e3o no mercado laboral e na sociedade em geral. Est\u00e3o dispon\u00edveis cursos de inicia\u00e7\u00e3o, com a dura\u00e7\u00e3o de 25 horas e cursos de Portugu\u00eas avan\u00e7ado, com a dura\u00e7\u00e3o de 150 horas.\u00a0 Os cursos est\u00e3o constru\u00eddos para [&hellip;]<\/p>\n","protected":false},"author":2,"featured_media":0,"parent":0,"menu_order":0,"comment_status":"closed","ping_status":"closed","template":"page-full-width.php","meta":{"footnotes":""},"class_list":["post-11208","page","type-page","status-publish","hentry"],"_links":{"self":[{"href":"https:\/\/renovaramouraria.pt\/pt\/wp-json\/wp\/v2\/pages\/11208","targetHints":{"allow":["GET"]}}],"collection":[{"href":"https:\/\/renovaramouraria.pt\/pt\/wp-json\/wp\/v2\/pages"}],"about":[{"href":"https:\/\/renovaramouraria.pt\/pt\/wp-json\/wp\/v2\/types\/page"}],"author":[{"embeddable":true,"href":"https:\/\/renovaramouraria.pt\/pt\/wp-json\/wp\/v2\/users\/2"}],"replies":[{"embeddable":true,"href":"https:\/\/renovaramouraria.pt\/pt\/wp-json\/wp\/v2\/comments?post=11208"}],"version-history":[{"count":0,"href":"https:\/\/renovaramouraria.pt\/pt\/wp-json\/wp\/v2\/pages\/11208\/revisions"}],"wp:attachment":[{"href":"https:\/\/renovaramouraria.pt\/pt\/wp-json\/wp\/v2\/media?parent=11208"}],"curies":[{"name":"wp","href":"https:\/\/api.w.org\/{rel}","templated":true}]}}