{"id":11203,"date":"2022-10-06T18:05:42","date_gmt":"2022-10-06T18:05:42","guid":{"rendered":"https:\/\/renovaramouraria.pt\/?page_id=11203"},"modified":"2023-07-21T11:00:58","modified_gmt":"2023-07-21T11:00:58","slug":"casa-de-ferias","status":"publish","type":"page","link":"https:\/\/renovaramouraria.pt\/pt\/casa-de-ferias\/","title":{"rendered":"Casa de F\u00e9rias"},"content":{"rendered":"\t\t<div data-elementor-type=\"wp-page\" data-elementor-id=\"11203\" class=\"elementor elementor-11203\" data-elementor-post-type=\"page\">\n\t\t\t\t\t\t<section class=\"elementor-section elementor-top-section elementor-element elementor-element-3afee83 elementor-section-full_width page-layout elementor-section-height-default elementor-section-height-default qodef-elementor-content-no\" data-id=\"3afee83\" data-element_type=\"section\" data-e-type=\"section\">\n\t\t\t\t\t\t<div class=\"elementor-container elementor-column-gap-default\">\n\t\t\t\t\t<div class=\"elementor-column elementor-col-100 elementor-top-column elementor-element elementor-element-c7df5e6\" data-id=\"c7df5e6\" data-element_type=\"column\" data-e-type=\"column\">\n\t\t\t<div class=\"elementor-widget-wrap elementor-element-populated\">\n\t\t\t\t\t\t<div class=\"elementor-element elementor-element-97cff08 elementor-widget elementor-widget-henrik_core_section_title\" data-id=\"97cff08\" data-element_type=\"widget\" data-e-type=\"widget\" data-widget_type=\"henrik_core_section_title.default\">\n\t\t\t\t<div class=\"elementor-widget-container\">\n\t\t\t\t\t<div class=\"qodef-shortcode qodef-m  qodef-section-title qodef-alignment--left \">\n\t\t\t<h2 class=\"qodef-m-title\" >\n\t\t\t\t\tCASA DE F\u00c9RIAS\t\t\t<\/h2>\n\t<\/div>\n\t\t\t\t<\/div>\n\t\t\t\t<\/div>\n\t\t\t\t<div class=\"elementor-element elementor-element-5629e7a elementor-widget__width-initial elementor-widget elementor-widget-text-editor\" data-id=\"5629e7a\" data-element_type=\"widget\" data-e-type=\"widget\" data-widget_type=\"text-editor.default\">\n\t\t\t\t<div class=\"elementor-widget-container\">\n\t\t\t\t\t\t\t\t\t<p><span style=\"color: #000000;\">A Casa de F\u00e9rias faz parte do projeto TPC e \u00e9 um lugar de imagina\u00e7\u00e3o, descoberta e amizade que acolhe e valoriza a diversidade. <\/span><\/p><p><span style=\"color: #000000;\">Casa Casa de F\u00e9rias inclui diferentes atividades, das artes pl\u00e1sticas a workshops e sess\u00f5es de cinema, piqueniques e visitas a museus e parques da cidade. Todas s\u00e3o gratuitas.\u00a0<\/span><\/p><p>\u00a0<\/p><p><span style=\"color: #000000;\"><strong>Modo e Hor\u00e1rio de Funcionamento<\/strong><\/span><\/p><p><span style=\"color: #000000;\">F\u00e9rias de P\u00e1scoa, Ver\u00e3o e Natal.\u00a0<\/span><\/p><p><span style=\"color: #000000;\">Datas a definir para cada per\u00edodo de interrup\u00e7\u00e3o letiva.\u00a0<\/span><\/p><p><span style=\"font-family: Montserrat;\"><strong style=\"color: var( --e-global-color-text ); letter-spacing: -0.02em;\"><span style=\"color: #000000;\">Equipa t\u00e9cnica<\/span><\/strong><\/span><\/p><p><span style=\"color: #000000; font-family: Montserrat;\">Maria Jo\u00e3o Pereira e Luana Gomes<\/span><\/p><p><strong><span style=\"color: #000000;\">Contactos<br \/><\/span><\/strong><span style=\"color: #000000;\">+351 964184817<br \/><\/span><span style=\"color: #000000;\"><a style=\"color: #000000;\" href=\"mailto:apoioaoestudo@renovaramouraria.pt\">apoioaoestudo@renovaramouraria.pt<\/a><\/span><\/p>\t\t\t\t\t\t\t\t<\/div>\n\t\t\t\t<\/div>\n\t\t\t\t<div class=\"elementor-element elementor-element-4f85183 elementor-widget-divider--view-line elementor-widget elementor-widget-divider\" data-id=\"4f85183\" data-element_type=\"widget\" data-e-type=\"widget\" data-widget_type=\"divider.default\">\n\t\t\t\t<div class=\"elementor-widget-container\">\n\t\t\t\t\t\t\t<div class=\"elementor-divider\">\n\t\t\t<span class=\"elementor-divider-separator\">\n\t\t\t\t\t\t<\/span>\n\t\t<\/div>\n\t\t\t\t\t\t<\/div>\n\t\t\t\t<\/div>\n\t\t\t\t<div class=\"elementor-element elementor-element-b047cbd elementor--h-position-center elementor--v-position-middle elementor-arrows-position-inside elementor-pagination-position-inside elementor-widget elementor-widget-slides\" data-id=\"b047cbd\" data-element_type=\"widget\" data-e-type=\"widget\" data-settings=\"{&quot;navigation&quot;:&quot;both&quot;,&quot;autoplay&quot;:&quot;yes&quot;,&quot;pause_on_hover&quot;:&quot;yes&quot;,&quot;pause_on_interaction&quot;:&quot;yes&quot;,&quot;autoplay_speed&quot;:5000,&quot;infinite&quot;:&quot;yes&quot;,&quot;transition&quot;:&quot;slide&quot;,&quot;transition_speed&quot;:500}\" data-widget_type=\"slides.default\">\n\t\t\t\t<div class=\"elementor-widget-container\">\n\t\t\t\t\t\t\t<div class=\"elementor-swiper\">\n\t\t\t<div class=\"elementor-slides-wrapper elementor-main-swiper swiper-container\" dir=\"ltr\" data-animation=\"fadeInUp\">\n\t\t\t\t<div class=\"swiper-wrapper elementor-slides\">\n\t\t\t\t\t\t\t\t\t\t<div class=\"elementor-repeater-item-7821d12 swiper-slide\"><div class=\"swiper-slide-bg\" role=\"img\"><\/div><div class=\"swiper-slide-inner\" ><div class=\"swiper-slide-contents\"><\/div><\/div><\/div><div class=\"elementor-repeater-item-f8a7626 swiper-slide\"><div class=\"swiper-slide-bg\" role=\"img\"><\/div><div class=\"swiper-slide-inner\" ><div class=\"swiper-slide-contents\"><\/div><\/div><\/div><div class=\"elementor-repeater-item-ed40ecd swiper-slide\"><div class=\"swiper-slide-bg\" role=\"img\"><\/div><div class=\"swiper-slide-inner\" ><div class=\"swiper-slide-contents\"><\/div><\/div><\/div><div class=\"elementor-repeater-item-09668ed swiper-slide\"><div class=\"swiper-slide-bg\" role=\"img\"><\/div><div class=\"swiper-slide-inner\" ><div class=\"swiper-slide-contents\"><\/div><\/div><\/div>\t\t\t\t<\/div>\n\t\t\t\t\t\t\t\t\t\t\t\t\t\t\t<div class=\"swiper-pagination\"><\/div>\n\t\t\t\t\t\t\t\t\t\t\t\t\t\t\t\t<div class=\"elementor-swiper-button elementor-swiper-button-prev\" role=\"button\" tabindex=\"0\">\n\t\t\t\t\t\t\t<i aria-hidden=\"true\" class=\"eicon-chevron-left\"><\/i>\t\t\t\t\t\t\t<span class=\"elementor-screen-only\">Previous slide<\/span>\n\t\t\t\t\t\t<\/div>\n\t\t\t\t\t\t<div class=\"elementor-swiper-button elementor-swiper-button-next\" role=\"button\" tabindex=\"0\">\n\t\t\t\t\t\t\t<i aria-hidden=\"true\" class=\"eicon-chevron-right\"><\/i>\t\t\t\t\t\t\t<span class=\"elementor-screen-only\">Next slide<\/span>\n\t\t\t\t\t\t<\/div>\n\t\t\t\t\t\t\t\t\t\t\t\t<\/div>\n\t\t<\/div>\n\t\t\t\t\t\t<\/div>\n\t\t\t\t<\/div>\n\t\t\t\t<div class=\"elementor-element elementor-element-a599085 elementor-widget-divider--view-line elementor-widget elementor-widget-divider\" data-id=\"a599085\" data-element_type=\"widget\" data-e-type=\"widget\" data-widget_type=\"divider.default\">\n\t\t\t\t<div class=\"elementor-widget-container\">\n\t\t\t\t\t\t\t<div class=\"elementor-divider\">\n\t\t\t<span class=\"elementor-divider-separator\">\n\t\t\t\t\t\t<\/span>\n\t\t<\/div>\n\t\t\t\t\t\t<\/div>\n\t\t\t\t<\/div>\n\t\t\t\t<div class=\"elementor-element elementor-element-9529815 elementor-widget elementor-widget-image\" data-id=\"9529815\" data-element_type=\"widget\" data-e-type=\"widget\" data-widget_type=\"image.default\">\n\t\t\t\t<div class=\"elementor-widget-container\">\n\t\t\t\t\t\t\t\t\t\t\t\t\t\t\t<img fetchpriority=\"high\" decoding=\"async\" width=\"1463\" height=\"223\" src=\"https:\/\/renovaramouraria.pt\/wp-content\/uploads\/Barra-cofinanciamento.jpg\" class=\"attachment-full size-full wp-image-10033\" alt=\"\" srcset=\"https:\/\/renovaramouraria.pt\/wp-content\/uploads\/Barra-cofinanciamento.jpg 1463w, https:\/\/renovaramouraria.pt\/wp-content\/uploads\/Barra-cofinanciamento-300x46.jpg 300w, https:\/\/renovaramouraria.pt\/wp-content\/uploads\/Barra-cofinanciamento-1024x156.jpg 1024w, https:\/\/renovaramouraria.pt\/wp-content\/uploads\/Barra-cofinanciamento-768x117.jpg 768w, https:\/\/renovaramouraria.pt\/wp-content\/uploads\/Barra-cofinanciamento-600x91.jpg 600w\" sizes=\"(max-width: 1463px) 100vw, 1463px\" \/>\t\t\t\t\t\t\t\t\t\t\t\t\t\t\t<\/div>\n\t\t\t\t<\/div>\n\t\t\t\t<div class=\"elementor-element elementor-element-2686da5 elementor-widget-divider--view-line elementor-widget elementor-widget-divider\" data-id=\"2686da5\" data-element_type=\"widget\" data-e-type=\"widget\" data-widget_type=\"divider.default\">\n\t\t\t\t<div class=\"elementor-widget-container\">\n\t\t\t\t\t\t\t<div class=\"elementor-divider\">\n\t\t\t<span class=\"elementor-divider-separator\">\n\t\t\t\t\t\t<\/span>\n\t\t<\/div>\n\t\t\t\t\t\t<\/div>\n\t\t\t\t<\/div>\n\t\t\t\t\t<\/div>\n\t\t<\/div>\n\t\t\t\t\t<\/div>\n\t\t<\/section>\n\t\t\t\t<\/div>\n\t\t","protected":false},"excerpt":{"rendered":"<p>CASA DE F\u00c9RIAS A Casa de F\u00e9rias faz parte do projeto TPC e \u00e9 um lugar de imagina\u00e7\u00e3o, descoberta e amizade que acolhe e valoriza a diversidade. Casa Casa de F\u00e9rias inclui diferentes atividades, das artes pl\u00e1sticas a workshops e sess\u00f5es de cinema, piqueniques e visitas a museus e parques da cidade. Todas s\u00e3o gratuitas.\u00a0 [&hellip;]<\/p>\n","protected":false},"author":2,"featured_media":0,"parent":0,"menu_order":0,"comment_status":"closed","ping_status":"closed","template":"page-full-width.php","meta":{"footnotes":""},"class_list":["post-11203","page","type-page","status-publish","hentry"],"_links":{"self":[{"href":"https:\/\/renovaramouraria.pt\/pt\/wp-json\/wp\/v2\/pages\/11203","targetHints":{"allow":["GET"]}}],"collection":[{"href":"https:\/\/renovaramouraria.pt\/pt\/wp-json\/wp\/v2\/pages"}],"about":[{"href":"https:\/\/renovaramouraria.pt\/pt\/wp-json\/wp\/v2\/types\/page"}],"author":[{"embeddable":true,"href":"https:\/\/renovaramouraria.pt\/pt\/wp-json\/wp\/v2\/users\/2"}],"replies":[{"embeddable":true,"href":"https:\/\/renovaramouraria.pt\/pt\/wp-json\/wp\/v2\/comments?post=11203"}],"version-history":[{"count":0,"href":"https:\/\/renovaramouraria.pt\/pt\/wp-json\/wp\/v2\/pages\/11203\/revisions"}],"wp:attachment":[{"href":"https:\/\/renovaramouraria.pt\/pt\/wp-json\/wp\/v2\/media?parent=11203"}],"curies":[{"name":"wp","href":"https:\/\/api.w.org\/{rel}","templated":true}]}}