{"id":11198,"date":"2022-10-06T16:43:44","date_gmt":"2022-10-06T16:43:44","guid":{"rendered":"https:\/\/renovaramouraria.pt\/?page_id=11198"},"modified":"2022-11-24T12:07:48","modified_gmt":"2022-11-24T12:07:48","slug":"apoio-social-integrado","status":"publish","type":"page","link":"https:\/\/renovaramouraria.pt\/pt\/apoio-social-integrado\/","title":{"rendered":"Apoio Social Integrado"},"content":{"rendered":"\t\t<div data-elementor-type=\"wp-page\" data-elementor-id=\"11198\" class=\"elementor elementor-11198\" data-elementor-post-type=\"page\">\n\t\t\t\t\t\t<section class=\"elementor-section elementor-top-section elementor-element elementor-element-e08fe3b elementor-section-full_width page-layout elementor-section-height-default elementor-section-height-default qodef-elementor-content-no\" data-id=\"e08fe3b\" data-element_type=\"section\" data-e-type=\"section\" id=\"servico-2\">\n\t\t\t\t\t\t<div class=\"elementor-container elementor-column-gap-default\">\n\t\t\t\t\t<div class=\"elementor-column elementor-col-100 elementor-top-column elementor-element elementor-element-0d6d23a\" data-id=\"0d6d23a\" data-element_type=\"column\" data-e-type=\"column\">\n\t\t\t<div class=\"elementor-widget-wrap elementor-element-populated\">\n\t\t\t\t\t\t<div class=\"elementor-element elementor-element-d136680 elementor-widget elementor-widget-henrik_core_section_title\" data-id=\"d136680\" data-element_type=\"widget\" data-e-type=\"widget\" data-widget_type=\"henrik_core_section_title.default\">\n\t\t\t\t<div class=\"elementor-widget-container\">\n\t\t\t\t\t<div class=\"qodef-shortcode qodef-m  qodef-section-title qodef-alignment--left \">\n\t\t\t<h2 class=\"qodef-m-title\" >\n\t\t\t\t\tAPOIO SOCIAL INTEGRADO\t\t\t<\/h2>\n\t<\/div>\n\t\t\t\t<\/div>\n\t\t\t\t<\/div>\n\t\t\t\t<div class=\"elementor-element elementor-element-f14251f elementor-widget__width-initial elementor-widget elementor-widget-text-editor\" data-id=\"f14251f\" data-element_type=\"widget\" data-e-type=\"widget\" data-widget_type=\"text-editor.default\">\n\t\t\t\t<div class=\"elementor-widget-container\">\n\t\t\t\t\t\t\t\t\t<p><span style=\"color: #000000;\">Vive, trabalha, estuda ou tem filhos que estudam na Freguesia de Santa Maria Maior?\u00a0 Este servi\u00e7o \u00e9 para si. Se \u00e9 s\u00f3cio ou volunt\u00e1rio da Associa\u00e7\u00e3o Renovar a Mouraria, tamb\u00e9m.<\/span><\/p><p><span style=\"color: #000000;\">O acompanhamento que oferecemos, destinado prioritariamente a pessoas e a fam\u00edlias em situa\u00e7\u00e3o de vulnerabilidade social, em particular pessoas migrantes e em situa\u00e7\u00e3o de ref\u00fagio.<\/span><\/p><p><span style=\"color: #000000;\">Este servi\u00e7o est\u00e1 assente numa vis\u00e3o multidimensional de integra\u00e7\u00e3o nas \u00e1reas da educa\u00e7\u00e3o, da sa\u00fade, do emprego, da inclus\u00e3o social e da cidadania ativa, atrav\u00e9s das respostas pr\u00f3prias da ARM e de parcerias ativas com entidades p\u00fablicas e organiza\u00e7\u00f5es da sociedade civil.<\/span><\/p><p><span style=\"color: #000000;\">\u00a0<\/span><\/p><p>\u00a0<\/p><p><strong><span style=\"color: #000000;\">Servi\u00e7os<\/span><\/strong><\/p><ul><li style=\"font-weight: 400;\" aria-level=\"1\"><span style=\"font-weight: 400; color: #000000; font-family: Montserrat;\">Apoio \u00e0 empregabilidade<\/span><\/li><li style=\"font-weight: 400;\" aria-level=\"1\"><span style=\"font-weight: 400; color: #000000; font-family: Montserrat;\">Acesso \u00e0 educa\u00e7\u00e3o e programas de qualifica\u00e7\u00e3o<\/span><\/li><li style=\"font-weight: 400;\" aria-level=\"1\"><span style=\"font-weight: 400; color: #000000; font-family: Montserrat;\">Media\u00e7\u00e3o com servi\u00e7os de sa\u00fade e de seguran\u00e7a social, escolas, juntas de freguesia e outros organismos (p\u00fablicos, privados e do terceiro setor)<\/span><\/li><li style=\"font-weight: 400;\" aria-level=\"1\"><span style=\"font-weight: 400; color: #000000; font-family: Montserrat;\">Apoio em necessidades b\u00e1sicas (roupa, mobili\u00e1rio, eletrodom\u00e9stico, comida)<\/span><\/li><li style=\"font-weight: 400;\" aria-level=\"1\"><span style=\"font-weight: 400; color: #000000; font-family: Montserrat;\">Leitura e tradu\u00e7\u00e3o de documentos v\u00e1rios<\/span><\/li><\/ul><div><span style=\"color: #000000; font-family: Montserrat;\">\u00a0<\/span><\/div><p><strong><span style=\"color: #000000;\">Modo e Hor\u00e1rio de Funcionamento<\/span><\/strong><\/p><p><span style=\"color: #000000;\">Para os atendimentos \u00e9 necess\u00e1ria marca\u00e7\u00e3o pr\u00e9via, no per\u00edodo entre as 10h00 e as 17h00, de segunda a sexta-feira, por telefone ou por email.<\/span><\/p><p><span style=\"color: #000000;\">Para o ajudar, pode contar com a nossa equipa t\u00e9cnica especializada.<\/span><\/p><p><span style=\"color: #000000;\">\u00a0<\/span><\/p><p><strong><span style=\"color: #000000;\">T\u00e9cnica respons\u00e1vel<br \/><\/span><\/strong><span style=\"color: #000000;\">Rita Castro<\/span><\/p><p>\u00a0<\/p><p><span style=\"color: #000000;\"><strong>Contactos<\/strong><br \/><\/span><span style=\"color: #000000;\">+351 927 522 883 \/ <\/span><span style=\"color: #000000;\"><a style=\"color: #000000;\" href=\"mailto:rita.castro@renovaramouraria.pt\">rita.castro@renovaramouraria.pt<\/a><br \/><\/span><\/p><p>\u00a0<\/p>\t\t\t\t\t\t\t\t<\/div>\n\t\t\t\t<\/div>\n\t\t\t\t<div class=\"elementor-element elementor-element-384c803 elementor-widget elementor-widget-image\" data-id=\"384c803\" data-element_type=\"widget\" data-e-type=\"widget\" data-widget_type=\"image.default\">\n\t\t\t\t<div class=\"elementor-widget-container\">\n\t\t\t\t\t\t\t\t\t\t\t\t\t\t\t<img fetchpriority=\"high\" decoding=\"async\" width=\"2000\" height=\"900\" src=\"https:\/\/renovaramouraria.pt\/wp-content\/uploads\/220840055_5813306258711558_1430774132000096564_n.jpg\" class=\"attachment-full size-full wp-image-9997\" alt=\"\" srcset=\"https:\/\/renovaramouraria.pt\/wp-content\/uploads\/220840055_5813306258711558_1430774132000096564_n.jpg 2000w, https:\/\/renovaramouraria.pt\/wp-content\/uploads\/220840055_5813306258711558_1430774132000096564_n-300x135.jpg 300w, https:\/\/renovaramouraria.pt\/wp-content\/uploads\/220840055_5813306258711558_1430774132000096564_n-1024x461.jpg 1024w, https:\/\/renovaramouraria.pt\/wp-content\/uploads\/220840055_5813306258711558_1430774132000096564_n-768x346.jpg 768w, https:\/\/renovaramouraria.pt\/wp-content\/uploads\/220840055_5813306258711558_1430774132000096564_n-1536x691.jpg 1536w, https:\/\/renovaramouraria.pt\/wp-content\/uploads\/220840055_5813306258711558_1430774132000096564_n-600x270.jpg 600w\" sizes=\"(max-width: 2000px) 100vw, 2000px\" \/>\t\t\t\t\t\t\t\t\t\t\t\t\t\t\t<\/div>\n\t\t\t\t<\/div>\n\t\t\t\t<div class=\"elementor-element elementor-element-04ef802 elementor-widget elementor-widget-image\" data-id=\"04ef802\" data-element_type=\"widget\" data-e-type=\"widget\" data-widget_type=\"image.default\">\n\t\t\t\t<div class=\"elementor-widget-container\">\n\t\t\t\t\t\t\t\t\t\t\t\t\t\t\t<img decoding=\"async\" width=\"2560\" height=\"245\" src=\"https:\/\/renovaramouraria.pt\/wp-content\/uploads\/ALI_Barra_Logos_low-scaled.jpg\" class=\"attachment-full size-full wp-image-10011\" alt=\"\" srcset=\"https:\/\/renovaramouraria.pt\/wp-content\/uploads\/ALI_Barra_Logos_low-scaled.jpg 2560w, https:\/\/renovaramouraria.pt\/wp-content\/uploads\/ALI_Barra_Logos_low-300x29.jpg 300w, https:\/\/renovaramouraria.pt\/wp-content\/uploads\/ALI_Barra_Logos_low-1024x98.jpg 1024w, https:\/\/renovaramouraria.pt\/wp-content\/uploads\/ALI_Barra_Logos_low-768x73.jpg 768w, https:\/\/renovaramouraria.pt\/wp-content\/uploads\/ALI_Barra_Logos_low-1536x147.jpg 1536w, https:\/\/renovaramouraria.pt\/wp-content\/uploads\/ALI_Barra_Logos_low-2048x196.jpg 2048w, https:\/\/renovaramouraria.pt\/wp-content\/uploads\/ALI_Barra_Logos_low-600x57.jpg 600w\" sizes=\"(max-width: 2560px) 100vw, 2560px\" \/>\t\t\t\t\t\t\t\t\t\t\t\t\t\t\t<\/div>\n\t\t\t\t<\/div>\n\t\t\t\t<div class=\"elementor-element elementor-element-8880c9b elementor-widget-divider--view-line elementor-widget elementor-widget-divider\" data-id=\"8880c9b\" data-element_type=\"widget\" data-e-type=\"widget\" data-widget_type=\"divider.default\">\n\t\t\t\t<div class=\"elementor-widget-container\">\n\t\t\t\t\t\t\t<div class=\"elementor-divider\">\n\t\t\t<span class=\"elementor-divider-separator\">\n\t\t\t\t\t\t<\/span>\n\t\t<\/div>\n\t\t\t\t\t\t<\/div>\n\t\t\t\t<\/div>\n\t\t\t\t\t<\/div>\n\t\t<\/div>\n\t\t\t\t\t<\/div>\n\t\t<\/section>\n\t\t\t\t<\/div>\n\t\t","protected":false},"excerpt":{"rendered":"<p>APOIO SOCIAL INTEGRADO Vive, trabalha, estuda ou tem filhos que estudam na Freguesia de Santa Maria Maior?\u00a0 Este servi\u00e7o \u00e9 para si. Se \u00e9 s\u00f3cio ou volunt\u00e1rio da Associa\u00e7\u00e3o Renovar a Mouraria, tamb\u00e9m. O acompanhamento que oferecemos, destinado prioritariamente a pessoas e a fam\u00edlias em situa\u00e7\u00e3o de vulnerabilidade social, em particular pessoas migrantes e em [&hellip;]<\/p>\n","protected":false},"author":2,"featured_media":0,"parent":0,"menu_order":0,"comment_status":"closed","ping_status":"closed","template":"page-full-width.php","meta":{"footnotes":""},"class_list":["post-11198","page","type-page","status-publish","hentry"],"_links":{"self":[{"href":"https:\/\/renovaramouraria.pt\/pt\/wp-json\/wp\/v2\/pages\/11198","targetHints":{"allow":["GET"]}}],"collection":[{"href":"https:\/\/renovaramouraria.pt\/pt\/wp-json\/wp\/v2\/pages"}],"about":[{"href":"https:\/\/renovaramouraria.pt\/pt\/wp-json\/wp\/v2\/types\/page"}],"author":[{"embeddable":true,"href":"https:\/\/renovaramouraria.pt\/pt\/wp-json\/wp\/v2\/users\/2"}],"replies":[{"embeddable":true,"href":"https:\/\/renovaramouraria.pt\/pt\/wp-json\/wp\/v2\/comments?post=11198"}],"version-history":[{"count":0,"href":"https:\/\/renovaramouraria.pt\/pt\/wp-json\/wp\/v2\/pages\/11198\/revisions"}],"wp:attachment":[{"href":"https:\/\/renovaramouraria.pt\/pt\/wp-json\/wp\/v2\/media?parent=11198"}],"curies":[{"name":"wp","href":"https:\/\/api.w.org\/{rel}","templated":true}]}}