{"id":11182,"date":"2022-10-06T16:31:11","date_gmt":"2022-10-06T16:31:11","guid":{"rendered":"https:\/\/renovaramouraria.pt\/?page_id=11182"},"modified":"2023-07-21T10:09:08","modified_gmt":"2023-07-21T10:09:08","slug":"apoio-ao-estudo","status":"publish","type":"page","link":"https:\/\/renovaramouraria.pt\/pt\/apoio-ao-estudo\/","title":{"rendered":"Apoio ao Estudo"},"content":{"rendered":"\t\t<div data-elementor-type=\"wp-page\" data-elementor-id=\"11182\" class=\"elementor elementor-11182\" data-elementor-post-type=\"page\">\n\t\t\t\t\t\t<section class=\"elementor-section elementor-top-section elementor-element elementor-element-ee47176 elementor-section-full_width page-layout elementor-section-height-default elementor-section-height-default qodef-elementor-content-no\" data-id=\"ee47176\" data-element_type=\"section\" data-e-type=\"section\">\n\t\t\t\t\t\t<div class=\"elementor-container elementor-column-gap-default\">\n\t\t\t\t\t<div class=\"elementor-column elementor-col-100 elementor-top-column elementor-element elementor-element-b27a0ec\" data-id=\"b27a0ec\" data-element_type=\"column\" data-e-type=\"column\">\n\t\t\t<div class=\"elementor-widget-wrap elementor-element-populated\">\n\t\t\t\t\t\t<div class=\"elementor-element elementor-element-df5bd0a elementor-widget elementor-widget-henrik_core_section_title\" data-id=\"df5bd0a\" data-element_type=\"widget\" data-e-type=\"widget\" data-widget_type=\"henrik_core_section_title.default\">\n\t\t\t\t<div class=\"elementor-widget-container\">\n\t\t\t\t\t<div class=\"qodef-shortcode qodef-m  qodef-section-title qodef-alignment--left \">\n\t\t\t<h2 class=\"qodef-m-title\" >\n\t\t\t\t\tAPOIO AO ESTUDO\t\t\t<\/h2>\n\t<\/div>\n\t\t\t\t<\/div>\n\t\t\t\t<\/div>\n\t\t\t\t<div class=\"elementor-element elementor-element-5e850a6 elementor-widget__width-initial elementor-widget elementor-widget-text-editor\" data-id=\"5e850a6\" data-element_type=\"widget\" data-e-type=\"widget\" data-widget_type=\"text-editor.default\">\n\t\t\t\t<div class=\"elementor-widget-container\">\n\t\t\t\t\t\t\t\t\t<p><span style=\"color: #000000;\">O seu filho\/a precisa de apoio ao estudo? No TPC emparelhamos crian\u00e7as com volunt\u00e1rios empenhados em ajud\u00e1-las com determinadas disciplinas, promovendo a melhoria dos resultados escolares assim como a autoconfian\u00e7a e a responsabilidade.\u00a0<\/span><\/p><p><span style=\"color: #000000;\">\u00a0<\/span><\/p><p><span style=\"color: #000000;\">Servi\u00e7o gratuito dispon\u00edvel para todos os ciclos de ensino obrigat\u00f3rio e para as respetivas disciplinas.\u00a0<\/span><\/p><p><span style=\"color: #000000;\">\u00a0<\/span><\/p><p><span style=\"color: #000000;\">Queres tomar parte no sucesso escolar de uma crian\u00e7a e promover a igualdade de oportunidades? Podes tornar-te volunt\u00e1rio!\u00a0<\/span><\/p><p><span style=\"color: #000000;\">\u00a0<\/span><\/p><p><span style=\"color: #000000;\">Projeto a decorrer at\u00e9 dezembro de 2023.\u00a0<\/span><\/p><p><span style=\"color: #000000;\">\u00a0<\/span><\/p><p><span style=\"font-size: 14pt;\"><strong><span style=\"color: #000000;\">Modo e Hor\u00e1rio de Funcionamento<\/span><\/strong><\/span><\/p><p><span style=\"text-decoration: underline;\"><span style=\"color: #000000; text-decoration: underline;\">Apoio ao Estudo<\/span><\/span><strong><span style=\"color: #000000;\"><br \/><\/span><\/strong><span style=\"color: #000000;\">De segunda a quinta, das 15:00 \u00e0s 20:00<br \/><\/span><span style=\"color: #000000;\">Tamb\u00e9m dispon\u00edvel a op\u00e7\u00e3o <em>online.<\/em><\/span><\/p><p><span style=\"text-decoration: underline;\"><span style=\"color: #000000; text-decoration: underline;\">Atividades extracurriculares para crian\u00e7as e pais<\/span><\/span><\/p><p><span style=\"color: #000000;\">Sextas-feiras, das 18:00 \u00e0s 19:30<\/span><\/p><p><span style=\"color: #000000;\">\u00a0<\/span><\/p><p>\u00a0<\/p><p><strong><span style=\"color: #000000;\">Equipa t\u00e9cnica<br \/><\/span><\/strong><span style=\"color: #000000;\">Maria Jo\u00e3o Pereira e Luana Gomes<\/span><\/p><p><span style=\"color: #000000;\">\u00a0<\/span><\/p><p><strong><span style=\"color: #000000;\">Contactos<\/span><\/strong><span style=\"color: #000000;\"><br \/><\/span><span style=\"color: #000000;\"><a style=\"color: #000000;\" href=\"mailto:apoioaoestudo@renovaramouraria.pt\">apoioaoestudo@renovaramouraria.pt<\/a><\/span><\/p><p>\u00a0<\/p><p>\u00a0<\/p>\t\t\t\t\t\t\t\t<\/div>\n\t\t\t\t<\/div>\n\t\t\t\t<div class=\"elementor-element elementor-element-5e066cd elementor-widget elementor-widget-button\" data-id=\"5e066cd\" data-element_type=\"widget\" data-e-type=\"widget\" data-widget_type=\"button.default\">\n\t\t\t\t<div class=\"elementor-widget-container\">\n\t\t\t\t\t\t\t\t\t<div class=\"elementor-button-wrapper\">\n\t\t\t\t\t<a class=\"elementor-button elementor-button-link elementor-size-lg\" href=\"https:\/\/docs.google.com\/forms\/d\/e\/1FAIpQLScOIcCKWsAMVu61B5WIWqqka66dkn9S4AxyS2XGwkGQns24bQ\/viewform\">\n\t\t\t\t\t\t<span class=\"elementor-button-content-wrapper\">\n\t\t\t\t\t\t\t\t\t<span class=\"elementor-button-text\">Quero ser volunt\u00e1ri@<\/span>\n\t\t\t\t\t<\/span>\n\t\t\t\t\t<\/a>\n\t\t\t\t<\/div>\n\t\t\t\t\t\t\t\t<\/div>\n\t\t\t\t<\/div>\n\t\t\t\t<div class=\"elementor-element elementor-element-ce6b9e4 elementor-widget elementor-widget-spacer\" data-id=\"ce6b9e4\" data-element_type=\"widget\" data-e-type=\"widget\" data-widget_type=\"spacer.default\">\n\t\t\t\t<div class=\"elementor-widget-container\">\n\t\t\t\t\t\t\t<div class=\"elementor-spacer\">\n\t\t\t<div class=\"elementor-spacer-inner\"><\/div>\n\t\t<\/div>\n\t\t\t\t\t\t<\/div>\n\t\t\t\t<\/div>\n\t\t\t\t<div class=\"elementor-element elementor-element-eb404be elementor-widget elementor-widget-image\" data-id=\"eb404be\" data-element_type=\"widget\" data-e-type=\"widget\" data-widget_type=\"image.default\">\n\t\t\t\t<div class=\"elementor-widget-container\">\n\t\t\t\t\t\t\t\t\t\t\t\t\t\t\t<img fetchpriority=\"high\" decoding=\"async\" width=\"800\" height=\"600\" src=\"https:\/\/renovaramouraria.pt\/wp-content\/uploads\/73020761_3094606660581545_8206010012326166528_n.jpg\" class=\"attachment-full size-full wp-image-9956\" alt=\"\" srcset=\"https:\/\/renovaramouraria.pt\/wp-content\/uploads\/73020761_3094606660581545_8206010012326166528_n.jpg 800w, https:\/\/renovaramouraria.pt\/wp-content\/uploads\/73020761_3094606660581545_8206010012326166528_n-300x225.jpg 300w, https:\/\/renovaramouraria.pt\/wp-content\/uploads\/73020761_3094606660581545_8206010012326166528_n-768x576.jpg 768w, https:\/\/renovaramouraria.pt\/wp-content\/uploads\/73020761_3094606660581545_8206010012326166528_n-600x450.jpg 600w\" sizes=\"(max-width: 800px) 100vw, 800px\" \/>\t\t\t\t\t\t\t\t\t\t\t\t\t\t\t<\/div>\n\t\t\t\t<\/div>\n\t\t\t\t<div class=\"elementor-element elementor-element-ca8aa78 elementor-widget elementor-widget-image\" data-id=\"ca8aa78\" data-element_type=\"widget\" data-e-type=\"widget\" data-widget_type=\"image.default\">\n\t\t\t\t<div class=\"elementor-widget-container\">\n\t\t\t\t\t\t\t\t\t\t\t\t\t\t\t<img decoding=\"async\" width=\"1113\" height=\"152\" src=\"https:\/\/renovaramouraria.pt\/wp-content\/uploads\/barra_logos_web.png\" class=\"attachment-full size-full wp-image-9965\" alt=\"\" srcset=\"https:\/\/renovaramouraria.pt\/wp-content\/uploads\/barra_logos_web.png 1113w, https:\/\/renovaramouraria.pt\/wp-content\/uploads\/barra_logos_web-300x41.png 300w, https:\/\/renovaramouraria.pt\/wp-content\/uploads\/barra_logos_web-1024x140.png 1024w, https:\/\/renovaramouraria.pt\/wp-content\/uploads\/barra_logos_web-768x105.png 768w, https:\/\/renovaramouraria.pt\/wp-content\/uploads\/barra_logos_web-600x82.png 600w\" sizes=\"(max-width: 1113px) 100vw, 1113px\" \/>\t\t\t\t\t\t\t\t\t\t\t\t\t\t\t<\/div>\n\t\t\t\t<\/div>\n\t\t\t\t\t<\/div>\n\t\t<\/div>\n\t\t\t\t\t<\/div>\n\t\t<\/section>\n\t\t\t\t<\/div>\n\t\t","protected":false},"excerpt":{"rendered":"<p>APOIO AO ESTUDO O seu filho\/a precisa de apoio ao estudo? No TPC emparelhamos crian\u00e7as com volunt\u00e1rios empenhados em ajud\u00e1-las com determinadas disciplinas, promovendo a melhoria dos resultados escolares assim como a autoconfian\u00e7a e a responsabilidade.\u00a0 \u00a0 Servi\u00e7o gratuito dispon\u00edvel para todos os ciclos de ensino obrigat\u00f3rio e para as respetivas disciplinas.\u00a0 \u00a0 Queres tomar [&hellip;]<\/p>\n","protected":false},"author":2,"featured_media":0,"parent":0,"menu_order":0,"comment_status":"closed","ping_status":"closed","template":"page-full-width.php","meta":{"footnotes":""},"class_list":["post-11182","page","type-page","status-publish","hentry"],"_links":{"self":[{"href":"https:\/\/renovaramouraria.pt\/pt\/wp-json\/wp\/v2\/pages\/11182","targetHints":{"allow":["GET"]}}],"collection":[{"href":"https:\/\/renovaramouraria.pt\/pt\/wp-json\/wp\/v2\/pages"}],"about":[{"href":"https:\/\/renovaramouraria.pt\/pt\/wp-json\/wp\/v2\/types\/page"}],"author":[{"embeddable":true,"href":"https:\/\/renovaramouraria.pt\/pt\/wp-json\/wp\/v2\/users\/2"}],"replies":[{"embeddable":true,"href":"https:\/\/renovaramouraria.pt\/pt\/wp-json\/wp\/v2\/comments?post=11182"}],"version-history":[{"count":0,"href":"https:\/\/renovaramouraria.pt\/pt\/wp-json\/wp\/v2\/pages\/11182\/revisions"}],"wp:attachment":[{"href":"https:\/\/renovaramouraria.pt\/pt\/wp-json\/wp\/v2\/media?parent=11182"}],"curies":[{"name":"wp","href":"https:\/\/api.w.org\/{rel}","templated":true}]}}