{"id":10197,"date":"2022-06-01T15:02:30","date_gmt":"2022-06-01T15:02:30","guid":{"rendered":"https:\/\/renovaramouraria.pt\/?page_id=10197"},"modified":"2023-01-16T16:41:29","modified_gmt":"2023-01-16T16:41:29","slug":"politica-de-privacidade","status":"publish","type":"page","link":"https:\/\/renovaramouraria.pt\/pt\/politica-de-privacidade\/","title":{"rendered":"Pol\u00edtica de Privacidade"},"content":{"rendered":"\t\t<div data-elementor-type=\"wp-page\" data-elementor-id=\"10197\" class=\"elementor elementor-10197\" data-elementor-post-type=\"page\">\n\t\t\t\t\t\t<section class=\"elementor-section elementor-top-section elementor-element elementor-element-ee47176 elementor-section-full_width page-layout elementor-section-height-default elementor-section-height-default qodef-elementor-content-no\" data-id=\"ee47176\" data-element_type=\"section\" data-e-type=\"section\">\n\t\t\t\t\t\t<div class=\"elementor-container elementor-column-gap-default\">\n\t\t\t\t\t<div class=\"elementor-column elementor-col-100 elementor-top-column elementor-element elementor-element-b27a0ec\" data-id=\"b27a0ec\" data-element_type=\"column\" data-e-type=\"column\">\n\t\t\t<div class=\"elementor-widget-wrap elementor-element-populated\">\n\t\t\t\t\t\t<div class=\"elementor-element elementor-element-df5bd0a elementor-widget elementor-widget-henrik_core_section_title\" data-id=\"df5bd0a\" data-element_type=\"widget\" data-e-type=\"widget\" data-widget_type=\"henrik_core_section_title.default\">\n\t\t\t\t<div class=\"elementor-widget-container\">\n\t\t\t\t\t<div class=\"qodef-shortcode qodef-m  qodef-section-title qodef-alignment--left \">\n\t\t\t<h1 class=\"qodef-m-title\" >\n\t\t\t\t\tpol\u00edtica de privacidade\t\t\t<\/h1>\n\t<\/div>\n\t\t\t\t<\/div>\n\t\t\t\t<\/div>\n\t\t\t\t<div class=\"elementor-element elementor-element-5e850a6 elementor-widget__width-initial elementor-widget elementor-widget-text-editor\" data-id=\"5e850a6\" data-element_type=\"widget\" data-e-type=\"widget\" data-widget_type=\"text-editor.default\">\n\t\t\t\t<div class=\"elementor-widget-container\">\n\t\t\t\t\t\t\t\t\t<p><span style=\"color: #000000; font-family: Montserrat;\"><b>Prote\u00e7\u00e3o e Tratamento de Dados Pessoais<\/b><\/span><\/p><p><span style=\"font-weight: 400; color: #000000; font-family: Montserrat;\">Em cumprimento do Regulamento Geral da Prote\u00e7\u00e3o de Dados Pessoais (RGPD), informamos os nossos s\u00f3cios e parceiros do seguinte:<\/span><\/p><p>\u00a0<\/p><ol><li style=\"font-weight: 400;\" aria-level=\"1\"><span style=\"font-weight: 400; color: #000000; font-family: Montserrat;\"><span style=\"font-weight: 400; color: #000000;\">A Associa\u00e7\u00e3o Renovar a Mouraria \u00e9 a entidade respons\u00e1vel por assegurar a prote\u00e7\u00e3o da sua privacidade e pelo tratamento dos seus dados pessoais, protegendo-os de perda, destrui\u00e7\u00e3o, acesso n\u00e3o autorizado, altera\u00e7\u00e3o ou divulga\u00e7\u00e3o.<\/span><\/span><p>\u00a0<\/p><\/li><li style=\"font-weight: 400;\" aria-level=\"1\"><span style=\"font-weight: 400; color: #000000; font-family: Montserrat;\"><span style=\"font-weight: 400; color: #000000;\">Os dados pessoais s\u00e3o recolhidos \u00fanica e exclusivamente para o exerc\u00edcio dos nossos objetivos sociais, sendo que os seus dados ser\u00e3o conservados pelo prazo estritamente necess\u00e1rio \u00e0 execu\u00e7\u00e3o da atividade sem fins lucrativos, e eventualmente, ao cumprimento das obriga\u00e7\u00f5es contabil\u00edsticas e fiscais dele decorrentes.<\/span><\/span><p>\u00a0<\/p><\/li><li style=\"font-weight: 400;\" aria-level=\"1\"><span style=\"font-weight: 400; color: #000000; font-family: Montserrat;\"><span style=\"font-weight: 400; color: #000000;\">Os dados pessoais recolhidos destinam-se apenas a tratamento pela entidade respons\u00e1vel, seus representantes, funcion\u00e1rios, colaboradores, sendo que n\u00e3o ocorrer\u00e1 a transfer\u00eancia n\u00e3o autorizada de dados pessoais para quaisquer outras identidades, institui\u00e7\u00f5es e organiza\u00e7\u00f5es nacionais ou internacionais.<\/span><\/span><p>\u00a0<\/p><\/li><li style=\"font-weight: 400;\" aria-level=\"1\"><span style=\"font-weight: 400; color: #000000; font-family: Montserrat;\"><span style=\"font-weight: 400; color: #000000;\">O titular dos dados tem direito \u00e0 informa\u00e7\u00e3o sobre o tratamento dos dados pessoais, ao acesso gratuito aos seus, \u00e0 sua corre\u00e7\u00e3o, apagamento, \u00e0 portabilidade dos dado, a opor-se ou a solicitar a limita\u00e7\u00e3o do tratamento, a decidir sobre o seu tratamento automatizado, a retirar consentimentos que eventualmente por si venham a ser concedidos para a recolha, processamento e utiliza\u00e7\u00e3o de dados para fins espec\u00edfico, a apresentar reclama\u00e7\u00f5es \u00e0 autoridade de controlo.<\/span><\/span><p>\u00a0<\/p><\/li><li style=\"font-weight: 400;\" aria-level=\"1\"><span style=\"font-weight: 400; color: #000000; font-family: Montserrat;\"><span style=\"font-weight: 400; color: #000000;\">Para exerc\u00edcio de qualquer um destes direitos ou para colocar quest\u00f5es adicionais relativas \u00e0 prote\u00e7\u00e3o e ao processamento dos seus dados pessoais, contacte-nos por e-mail atrav\u00e9s do endere\u00e7o \u201ccomunica@renovaramouraria.pt\u201d.<\/span><\/span><p>\u00a0<\/p><\/li><li style=\"font-weight: 400;\" aria-level=\"1\"><span style=\"font-weight: 400; color: #000000; font-family: Montserrat;\"><span style=\"font-weight: 400; color: #000000;\">A Associa\u00e7\u00e3o Renovar a Mouraria n\u00e3o se responsabiliza por intera\u00e7\u00f5es com outras entidades eventualmente associadas ao site, como plataformas de redes sociais ou liga\u00e7\u00f5es para outros sites. As suas interac\u00e7\u00f5es com\u00a0 outras entidades ser\u00e3o tidas ao abrigo da pol\u00edtica de privacidade da empresa que disponibiliza aquelas plataformas e respectivos servi\u00e7os.<\/span><\/span><p>\u00a0<\/p><\/li><li style=\"font-weight: 400;\" aria-level=\"1\"><span style=\"font-weight: 400; color: #000000; font-family: Montserrat;\">Mais se informa que em caso de viola\u00e7\u00e3o dos seus direitos em mat\u00e9ria de prote\u00e7\u00e3o e processamento dos seus dados pessoais, tem o direito de apresentar reclama\u00e7\u00e3o \u00e0 Comiss\u00e3o Nacional de Prote\u00e7\u00e3o de Dados com morada na Rua de S\u00e3o Bento n\u00aa148-3\u00aa 1200-821 Lisboa.\u00a0<\/span><\/li><\/ol><p><span style=\"font-weight: 400; color: #000000; font-family: Montserrat;\">Lisboa, 5 de setembro de 2022\u00a0<\/span><\/p>\t\t\t\t\t\t\t\t<\/div>\n\t\t\t\t<\/div>\n\t\t\t\t\t<\/div>\n\t\t<\/div>\n\t\t\t\t\t<\/div>\n\t\t<\/section>\n\t\t\t\t<\/div>\n\t\t","protected":false},"excerpt":{"rendered":"<p>pol\u00edtica de privacidade Prote\u00e7\u00e3o e Tratamento de Dados Pessoais Em cumprimento do Regulamento Geral da Prote\u00e7\u00e3o de Dados Pessoais (RGPD), informamos os nossos s\u00f3cios e parceiros do seguinte: \u00a0 A Associa\u00e7\u00e3o Renovar a Mouraria \u00e9 a entidade respons\u00e1vel por assegurar a prote\u00e7\u00e3o da sua privacidade e pelo tratamento dos seus dados pessoais, protegendo-os de perda, [&hellip;]<\/p>\n","protected":false},"author":2,"featured_media":0,"parent":0,"menu_order":0,"comment_status":"closed","ping_status":"closed","template":"page-full-width.php","meta":{"footnotes":""},"class_list":["post-10197","page","type-page","status-publish","hentry"],"_links":{"self":[{"href":"https:\/\/renovaramouraria.pt\/pt\/wp-json\/wp\/v2\/pages\/10197","targetHints":{"allow":["GET"]}}],"collection":[{"href":"https:\/\/renovaramouraria.pt\/pt\/wp-json\/wp\/v2\/pages"}],"about":[{"href":"https:\/\/renovaramouraria.pt\/pt\/wp-json\/wp\/v2\/types\/page"}],"author":[{"embeddable":true,"href":"https:\/\/renovaramouraria.pt\/pt\/wp-json\/wp\/v2\/users\/2"}],"replies":[{"embeddable":true,"href":"https:\/\/renovaramouraria.pt\/pt\/wp-json\/wp\/v2\/comments?post=10197"}],"version-history":[{"count":0,"href":"https:\/\/renovaramouraria.pt\/pt\/wp-json\/wp\/v2\/pages\/10197\/revisions"}],"wp:attachment":[{"href":"https:\/\/renovaramouraria.pt\/pt\/wp-json\/wp\/v2\/media?parent=10197"}],"curies":[{"name":"wp","href":"https:\/\/api.w.org\/{rel}","templated":true}]}}