{"id":9452,"date":"2022-05-26T16:27:16","date_gmt":"2022-05-26T16:27:16","guid":{"rendered":"https:\/\/renovaramouraria.pt\/?page_id=9452"},"modified":"2022-10-14T11:23:34","modified_gmt":"2022-10-14T11:23:34","slug":"transparencia","status":"publish","type":"page","link":"https:\/\/renovaramouraria.pt\/en\/transparencia\/","title":{"rendered":"Transpar\u00eancia"},"content":{"rendered":"\t\t<div data-elementor-type=\"wp-page\" data-elementor-id=\"9452\" class=\"elementor elementor-9452\" data-elementor-post-type=\"page\">\n\t\t\t\t\t\t<section class=\"elementor-section elementor-top-section elementor-element elementor-element-ee47176 elementor-section-full_width page-layout elementor-section-height-default elementor-section-height-default qodef-elementor-content-no\" data-id=\"ee47176\" data-element_type=\"section\" data-e-type=\"section\">\n\t\t\t\t\t\t<div class=\"elementor-container elementor-column-gap-default\">\n\t\t\t\t\t<div class=\"elementor-column elementor-col-100 elementor-top-column elementor-element elementor-element-b27a0ec\" data-id=\"b27a0ec\" data-element_type=\"column\" data-e-type=\"column\">\n\t\t\t<div class=\"elementor-widget-wrap elementor-element-populated\">\n\t\t\t\t\t\t<div class=\"elementor-element elementor-element-df5bd0a elementor-widget elementor-widget-henrik_core_section_title\" data-id=\"df5bd0a\" data-element_type=\"widget\" data-e-type=\"widget\" data-widget_type=\"henrik_core_section_title.default\">\n\t\t\t\t<div class=\"elementor-widget-container\">\n\t\t\t\t\t<div class=\"qodef-shortcode qodef-m  qodef-section-title qodef-alignment--left \">\n\t\t\t<h2 class=\"qodef-m-title\" >\n\t\t\t\t\tTranspar\u00eancia\t\t\t<\/h2>\n\t<\/div>\n\t\t\t\t<\/div>\n\t\t\t\t<\/div>\n\t\t\t\t<div class=\"elementor-element elementor-element-5e850a6 elementor-widget__width-initial elementor-widget elementor-widget-text-editor\" data-id=\"5e850a6\" data-element_type=\"widget\" data-e-type=\"widget\" data-widget_type=\"text-editor.default\">\n\t\t\t\t<div class=\"elementor-widget-container\">\n\t\t\t\t\t\t\t\t\t<h4><strong>Estatutos e \u00d3rg\u00e3os Sociais<\/strong><\/h4><p><a href=\"https:\/\/renovaramouraria.pt\/wp-content\/uploads\/Estatutos-ARM-Alteracao-2017.pdf\" target=\"_blank\" rel=\"noopener\">Estatutos ARM &#8211; Altera\u00e7\u00e3o &#8211; 2017<\/a><br \/><a href=\"https:\/\/renovaramouraria.pt\/wp-content\/uploads\/Estatutos-ARM-Alteracao-2017.pdf\" target=\"_blank\" rel=\"noopener\">Estatutos ARM &#8211; Constitui\u00e7\u00e3o da Associa\u00e7\u00e3o &#8211; 2008<\/a><br \/><a href=\"https:\/\/renovaramouraria.pt\/wp-content\/uploads\/Tomada-de-Posse-Orgaos-Sociais-ARM-2020-2023.pdf\" target=\"_blank\" rel=\"noopener\">Tomada de Posse \u00d3rg\u00e3os Sociais ARM &#8211; 2020_2023<\/a><\/p><h4><strong>Or\u00e7amento e Plano de Atividades 2021<\/strong><\/h4><p><a href=\"https:\/\/renovaramouraria.pt\/wp-content\/uploads\/Orcamento-Anual-ARM-2021.pdf\" target=\"_blank\" rel=\"noopener\">Or\u00e7amento Anual ARM &#8211;\u00a0 2021<\/a><br \/><a href=\"https:\/\/renovaramouraria.pt\/wp-content\/uploads\/Plano-de-Atividades-ARM-2021.pdf\" target=\"_blank\" rel=\"noopener\">Plano de Atividades ARM &#8211; 2021<\/a><\/p>\t\t\t\t\t\t\t\t<\/div>\n\t\t\t\t<\/div>\n\t\t\t\t<div class=\"elementor-element elementor-element-eb404be elementor-widget elementor-widget-image\" data-id=\"eb404be\" data-element_type=\"widget\" data-e-type=\"widget\" data-widget_type=\"image.default\">\n\t\t\t\t<div class=\"elementor-widget-container\">\n\t\t\t\t\t\t\t\t\t\t\t\t\t\t\t<img fetchpriority=\"high\" decoding=\"async\" width=\"1464\" height=\"744\" src=\"https:\/\/renovaramouraria.pt\/wp-content\/uploads\/014.jpg\" class=\"attachment-full size-full wp-image-9461\" alt=\"\" srcset=\"https:\/\/renovaramouraria.pt\/wp-content\/uploads\/014.jpg 1464w, https:\/\/renovaramouraria.pt\/wp-content\/uploads\/014-300x152.jpg 300w, https:\/\/renovaramouraria.pt\/wp-content\/uploads\/014-1024x520.jpg 1024w, https:\/\/renovaramouraria.pt\/wp-content\/uploads\/014-768x390.jpg 768w, https:\/\/renovaramouraria.pt\/wp-content\/uploads\/014-600x305.jpg 600w\" sizes=\"(max-width: 1464px) 100vw, 1464px\" \/>\t\t\t\t\t\t\t\t\t\t\t\t\t\t\t<\/div>\n\t\t\t\t<\/div>\n\t\t\t\t<div class=\"elementor-element elementor-element-3515de3 elementor-widget-divider--view-line elementor-widget elementor-widget-divider\" data-id=\"3515de3\" data-element_type=\"widget\" data-e-type=\"widget\" data-widget_type=\"divider.default\">\n\t\t\t\t<div class=\"elementor-widget-container\">\n\t\t\t\t\t\t\t<div class=\"elementor-divider\">\n\t\t\t<span class=\"elementor-divider-separator\">\n\t\t\t\t\t\t<\/span>\n\t\t<\/div>\n\t\t\t\t\t\t<\/div>\n\t\t\t\t<\/div>\n\t\t\t\t\t<\/div>\n\t\t<\/div>\n\t\t\t\t\t<\/div>\n\t\t<\/section>\n\t\t\t\t<section class=\"elementor-section elementor-top-section elementor-element elementor-element-6927a1c elementor-section-full_width page-layout elementor-section-height-default elementor-section-height-default qodef-elementor-content-no\" data-id=\"6927a1c\" data-element_type=\"section\" data-e-type=\"section\">\n\t\t\t\t\t\t<div class=\"elementor-container elementor-column-gap-default\">\n\t\t\t\t\t<div class=\"elementor-column elementor-col-100 elementor-top-column elementor-element elementor-element-82698da\" data-id=\"82698da\" data-element_type=\"column\" data-e-type=\"column\">\n\t\t\t<div class=\"elementor-widget-wrap elementor-element-populated\">\n\t\t\t\t\t\t<div class=\"elementor-element elementor-element-a25cef2 elementor-widget__width-initial elementor-widget elementor-widget-text-editor\" data-id=\"a25cef2\" data-element_type=\"widget\" data-e-type=\"widget\" data-widget_type=\"text-editor.default\">\n\t\t\t\t<div class=\"elementor-widget-container\">\n\t\t\t\t\t\t\t\t\t<h4><strong>Relat\u00f3rios de Atividades<\/strong><\/h4><p><a href=\"https:\/\/renovaramouraria.pt\/wp-content\/uploads\/Relatorio-de-Atividades-ARM-2019.pdf\" target=\"_blank\" rel=\"noopener\">Relat\u00f3rio de Atividades ARM &#8211; 2019<\/a><br \/><a href=\"https:\/\/renovaramouraria.pt\/wp-content\/uploads\/Relatorio-de-Atividades-ARM-2018.pdf\" target=\"_blank\" rel=\"noopener\">Relat\u00f3rio de Atividades ARM &#8211; 2018<\/a><br \/><a href=\"https:\/\/renovaramouraria.pt\/wp-content\/uploads\/Plano-de-Atividades-ARM-2017.pdf\" target=\"_blank\" rel=\"noopener\">Relat\u00f3rio de Atividades ARM &#8211; 2017<\/a><br \/><a href=\"https:\/\/renovaramouraria.pt\/wp-content\/uploads\/Relatorio-de-Atividades-ARM-2016.pdf\" target=\"_blank\" rel=\"noopener\">Relat\u00f3rio de Atividades ARM &#8211; 2016<\/a><br \/><a href=\"https:\/\/renovaramouraria.pt\/wp-content\/uploads\/Relatorio-de-Atividades-ARM-2015.pdf\" target=\"_blank\" rel=\"noopener\">Relat\u00f3rio de Atividades ARM &#8211; 2015<\/a><br \/><a href=\"https:\/\/renovaramouraria.pt\/wp-content\/uploads\/Relatorio-de-Atividades-ARM-2014.pdf\" target=\"_blank\" rel=\"noopener\">Relat\u00f3rio de Atividades ARM &#8211; 2014<\/a><br \/><a href=\"https:\/\/renovaramouraria.pt\/wp-content\/uploads\/Relatorio-de-Atividades-ARM-2013.pdf\" target=\"_blank\" rel=\"noopener\">Relat\u00f3rio de Atividades ARM &#8211; 2013<\/a><br \/><a href=\"https:\/\/renovaramouraria.pt\/wp-content\/uploads\/Relatorio-de-Atividades-ARM-2012.pdf\" target=\"_blank\" rel=\"noopener\">Relat\u00f3rio de Atividades ARM &#8211; 2012<\/a><br \/><a href=\"https:\/\/renovaramouraria.pt\/wp-content\/uploads\/Relatorio-de-Atividades-ARM-2011.pdf\" target=\"_blank\" rel=\"noopener\">Relat\u00f3rio de Atividades ARM &#8211; 2011<\/a><br \/><a href=\"https:\/\/renovaramouraria.pt\/wp-content\/uploads\/Relatorio-de-Atividades-ARM-2010.pdf\" target=\"_blank\" rel=\"noopener\">Relat\u00f3rio de Atividades ARM &#8211; 2010<\/a><br \/><a href=\"https:\/\/renovaramouraria.pt\/wp-content\/uploads\/Relatorio-de-Atividades-ARM-2009.pdf\" target=\"_blank\" rel=\"noopener\">Relat\u00f3rio de Atividades ARM &#8211; 2009<\/a><br \/><a href=\"https:\/\/renovaramouraria.pt\/wp-content\/uploads\/Relatorio-de-Atividades-ARM-2008.pdf\" target=\"_blank\" rel=\"noopener\">Relat\u00f3rio de Atividades ARM &#8211; 2008<\/a><\/p><h4><strong>Relat\u00f3rios e Contas<\/strong><\/h4><p><a href=\"https:\/\/renovaramouraria.pt\/wp-content\/uploads\/Relatorio-e-Contas-ARM-2020.pdf\" target=\"_blank\" rel=\"noopener\">Relat\u00f3rio e Contas ARM &#8211; 2020<\/a><br \/><a href=\"https:\/\/renovaramouraria.pt\/wp-content\/uploads\/Relatorio-e-Contas-ARM-2019.pdf\" target=\"_blank\" rel=\"noopener\">Relat\u00f3rio e Contas ARM &#8211; 2019<\/a><br \/><a href=\"https:\/\/renovaramouraria.pt\/wp-content\/uploads\/Relatorio-e-Contas-ARM-2018.pdf\" target=\"_blank\" rel=\"noopener\">Relat\u00f3rio e Contas ARM &#8211; 2018<\/a><br \/><a href=\"https:\/\/renovaramouraria.pt\/wp-content\/uploads\/Relatorio-e-Contas-ARM-2017.pdf\" target=\"_blank\" rel=\"noopener\">Relat\u00f3rio e Contas ARM &#8211; 2017<\/a><br \/><a href=\"https:\/\/renovaramouraria.pt\/wp-content\/uploads\/Relatorio-e-Contas-ARM-2016.pdf\" target=\"_blank\" rel=\"noopener\">Relat\u00f3rio e Contas ARM &#8211; 2016<\/a><br \/><a href=\"https:\/\/renovaramouraria.pt\/wp-content\/uploads\/Relatorio-e-Contas-ARM-2015.pdf\" target=\"_blank\" rel=\"noopener\">Relat\u00f3rio e Contas ARM &#8211; 2015<\/a><br \/><a href=\"https:\/\/renovaramouraria.pt\/wp-content\/uploads\/Relatorio-e-Contas-ARM-2014.pdf\" target=\"_blank\" rel=\"noopener\">Relat\u00f3rio e Contas ARM &#8211; 2014<\/a><br \/><a href=\"https:\/\/renovaramouraria.pt\/wp-content\/uploads\/Relatorio-e-Contas-ARM-2013.pdf\" target=\"_blank\" rel=\"noopener\">Relat\u00f3rio e Contas ARM &#8211; 2013<\/a><br \/><a href=\"https:\/\/renovaramouraria.pt\/wp-content\/uploads\/Relatorio-e-Contas-ARM-2012.pdf\" target=\"_blank\" rel=\"noopener\">Relat\u00f3rio e Contas ARM &#8211; 2012<\/a><br \/><a href=\"https:\/\/renovaramouraria.pt\/wp-content\/uploads\/Relatorio-e-Contas-ARM-2011.pdf\" target=\"_blank\" rel=\"noopener\">Relat\u00f3rio e Contas ARM &#8211; 2011<\/a><br \/><a href=\"https:\/\/renovaramouraria.pt\/wp-content\/uploads\/Relatorio-e-Contas-ARM-2010.pdf\" target=\"_blank\" rel=\"noopener\">Relat\u00f3rio e Contas ARM &#8211; 2010<\/a><br \/><a href=\"https:\/\/renovaramouraria.pt\/wp-content\/uploads\/Relatorio-e-Contas-ARM-2009.pdf\" target=\"_blank\" rel=\"noopener\">Relat\u00f3rio e Contas ARM &#8211; 2009<\/a><br \/><a href=\"https:\/\/renovaramouraria.pt\/wp-content\/uploads\/Relatorio-e-Contas-ARM-2008.pdf\" target=\"_blank\" rel=\"noopener\">Relat\u00f3rio e Contas ARM &#8211; 2008<\/a><\/p><h4><strong>RGPD<\/strong><\/h4><p><a href=\"https:\/\/renovaramouraria.pt\/wp-content\/uploads\/Politica-de-Privacidade-ARM.pdf\" target=\"_blank\" rel=\"noopener\">Pol\u00edtica de Privacidade &#8211; ARM<\/a><\/p>\t\t\t\t\t\t\t\t<\/div>\n\t\t\t\t<\/div>\n\t\t\t\t<div class=\"elementor-element elementor-element-0623062 elementor-widget elementor-widget-image\" data-id=\"0623062\" data-element_type=\"widget\" data-e-type=\"widget\" data-widget_type=\"image.default\">\n\t\t\t\t<div class=\"elementor-widget-container\">\n\t\t\t\t\t\t\t\t\t\t\t\t\t\t\t<img decoding=\"async\" width=\"2560\" height=\"1707\" src=\"https:\/\/renovaramouraria.pt\/wp-content\/uploads\/aniv__3-scaled.jpg\" class=\"attachment-full size-full wp-image-9469\" alt=\"\" srcset=\"https:\/\/renovaramouraria.pt\/wp-content\/uploads\/aniv__3-scaled.jpg 2560w, https:\/\/renovaramouraria.pt\/wp-content\/uploads\/aniv__3-300x200.jpg 300w, https:\/\/renovaramouraria.pt\/wp-content\/uploads\/aniv__3-1024x683.jpg 1024w, https:\/\/renovaramouraria.pt\/wp-content\/uploads\/aniv__3-768x512.jpg 768w, https:\/\/renovaramouraria.pt\/wp-content\/uploads\/aniv__3-1536x1024.jpg 1536w, https:\/\/renovaramouraria.pt\/wp-content\/uploads\/aniv__3-2048x1365.jpg 2048w, https:\/\/renovaramouraria.pt\/wp-content\/uploads\/aniv__3-600x400.jpg 600w\" sizes=\"(max-width: 2560px) 100vw, 2560px\" \/>\t\t\t\t\t\t\t\t\t\t\t\t\t\t\t<\/div>\n\t\t\t\t<\/div>\n\t\t\t\t\t<\/div>\n\t\t<\/div>\n\t\t\t\t\t<\/div>\n\t\t<\/section>\n\t\t\t\t<\/div>\n\t\t","protected":false},"excerpt":{"rendered":"<p>Transpar\u00eancia Estatutos e \u00d3rg\u00e3os Sociais Estatutos ARM &#8211; Altera\u00e7\u00e3o &#8211; 2017Estatutos ARM &#8211; Constitui\u00e7\u00e3o da Associa\u00e7\u00e3o &#8211; 2008Tomada de Posse \u00d3rg\u00e3os Sociais ARM &#8211; 2020_2023 Or\u00e7amento e Plano de Atividades 2021 Or\u00e7amento Anual ARM &#8211;\u00a0 2021Plano de Atividades ARM &#8211; 2021 Relat\u00f3rios de Atividades Relat\u00f3rio de Atividades ARM &#8211; 2019Relat\u00f3rio de Atividades ARM &#8211; 2018Relat\u00f3rio [&hellip;]<\/p>\n","protected":false},"author":2,"featured_media":0,"parent":0,"menu_order":0,"comment_status":"closed","ping_status":"closed","template":"page-full-width.php","meta":{"footnotes":""},"class_list":["post-9452","page","type-page","status-publish","hentry"],"_links":{"self":[{"href":"https:\/\/renovaramouraria.pt\/en\/wp-json\/wp\/v2\/pages\/9452","targetHints":{"allow":["GET"]}}],"collection":[{"href":"https:\/\/renovaramouraria.pt\/en\/wp-json\/wp\/v2\/pages"}],"about":[{"href":"https:\/\/renovaramouraria.pt\/en\/wp-json\/wp\/v2\/types\/page"}],"author":[{"embeddable":true,"href":"https:\/\/renovaramouraria.pt\/en\/wp-json\/wp\/v2\/users\/2"}],"replies":[{"embeddable":true,"href":"https:\/\/renovaramouraria.pt\/en\/wp-json\/wp\/v2\/comments?post=9452"}],"version-history":[{"count":0,"href":"https:\/\/renovaramouraria.pt\/en\/wp-json\/wp\/v2\/pages\/9452\/revisions"}],"wp:attachment":[{"href":"https:\/\/renovaramouraria.pt\/en\/wp-json\/wp\/v2\/media?parent=9452"}],"curies":[{"name":"wp","href":"https:\/\/api.w.org\/{rel}","templated":true}]}}