{"id":11342,"date":"2022-10-06T23:16:11","date_gmt":"2022-10-06T23:16:11","guid":{"rendered":"https:\/\/renovaramouraria.pt\/?page_id=11342"},"modified":"2022-10-06T23:18:34","modified_gmt":"2022-10-06T23:18:34","slug":"ser-socio","status":"publish","type":"page","link":"https:\/\/renovaramouraria.pt\/en\/ser-socio\/","title":{"rendered":"Ser S\u00f3cio"},"content":{"rendered":"\t\t<div data-elementor-type=\"wp-page\" data-elementor-id=\"11342\" class=\"elementor elementor-11342\" data-elementor-post-type=\"page\">\n\t\t\t\t\t\t<section class=\"elementor-section elementor-top-section elementor-element elementor-element-fe93ea9 elementor-section-full_width elementor-section-height-default elementor-section-height-default qodef-elementor-content-no\" data-id=\"fe93ea9\" data-element_type=\"section\" data-e-type=\"section\">\n\t\t\t\t\t\t<div class=\"elementor-container elementor-column-gap-default\">\n\t\t\t\t\t<div class=\"elementor-column elementor-col-50 elementor-top-column elementor-element elementor-element-6e3214b\" data-id=\"6e3214b\" data-element_type=\"column\" data-e-type=\"column\">\n\t\t\t<div class=\"elementor-widget-wrap elementor-element-populated\">\n\t\t\t\t\t\t<div class=\"elementor-element elementor-element-9fcdf5c elementor-widget elementor-widget-henrik_core_custom_font\" data-id=\"9fcdf5c\" data-element_type=\"widget\" data-e-type=\"widget\" data-widget_type=\"henrik_core_custom_font.default\">\n\t\t\t\t<div class=\"elementor-widget-container\">\n\t\t\t\t\t<p class=\"qodef-shortcode qodef-m  qodef-custom-font qodef-custom-font-37 qodef-layout--simple qodef-alignment--left qodef-borders--no  \" style=\"font-family: inter;font-size: 77px;line-height: 80px;font-weight: 500;text-transform: uppercase\">ser s\u00f3cio<\/p>\n\t\t\t\t<\/div>\n\t\t\t\t<\/div>\n\t\t\t\t<div class=\"elementor-element elementor-element-3788cac elementor-widget__width-auto elementor-widget elementor-widget-text-editor\" data-id=\"3788cac\" data-element_type=\"widget\" data-e-type=\"widget\" data-widget_type=\"text-editor.default\">\n\t\t\t\t<div class=\"elementor-widget-container\">\n\t\t\t\t\t\t\t\t\t<p><span style=\"color: #000000;\"><em>Quer fazer parte da dinamiza\u00e7\u00e3o de projetos comunit\u00e1rios, educativos e culturais num dos bairros mais multiculturais de Lisboa e contribuir para uma cidade mais inclusiva?<\/em><\/span><\/p><p><span style=\"color: #000000;\">Se a sua resposta for <strong>SIM<\/strong>, bem-vindo: partilhamos os valores e a paix\u00e3o por uma cidade mais amiga das pessoas.<\/span><\/p><p><strong><span style=\"color: #000000;\">VANTAGENS MEMBROS<\/span><\/strong><\/p><ul><li><span style=\"color: #000000;\">Rece\u00e7\u00e3o de informa\u00e7\u00e3o sobre os nossos eventos e projetos;<\/span><\/li><li><span style=\"color: #000000;\">Participa\u00e7\u00e3o nas assembleias gerais e voto em resolu\u00e7\u00f5es importantes;<\/span><\/li><li><span style=\"color: #000000;\">Acesso e\/ou descontos em servi\u00e7os e atividades:<\/span><ul><li><span style=\"color: #000000;\">Cl\u00ednica de S. Crist\u00f3v\u00e3o<\/span><\/li><li><span style=\"color: #000000;\">Farm\u00e1cia Internacional<\/span><\/li><li><span style=\"color: #000000;\">Funda\u00e7\u00e3o Inatel<\/span><\/li><li><span style=\"color: #000000;\">Servi\u00e7os ALI &#8211; Atendimento Local para a Inclus\u00e3o<\/span><\/li><li><span style=\"color: #000000;\">Visitas Guiadas<\/span><\/li><\/ul><\/li><\/ul><p><strong><span style=\"color: #000000;\">CONDI\u00c7\u00d5ES<\/span><\/strong><\/p><ul><li><span style=\"color: #000000;\">Quota anual: 20<\/span><\/li><\/ul><p><span style=\"color: #000000;\">Pode ser paga na Associa\u00e7\u00e3o ou atrav\u00e9s do nosso NIB (Montepio): <strong>0036 0006 99100072054 87<\/strong><\/span><\/p><h3><strong>QUERO SER S\u00d3CIO<\/strong><\/h3>\t\t\t\t\t\t\t\t<\/div>\n\t\t\t\t<\/div>\n\t\t\t\t<div class=\"elementor-element elementor-element-03239a3 elementor-widget elementor-widget-wp-widget-henrik_core_contact_form_7\" data-id=\"03239a3\" data-element_type=\"widget\" data-e-type=\"widget\" data-widget_type=\"wp-widget-henrik_core_contact_form_7.default\">\n\t\t\t\t<div class=\"elementor-widget-container\">\n\t\t\t\t\t\t\t\t<div class=\"qodef-contact-form-7\">\n\t\t\t\t<p class=\"wpcf7-contact-form-not-found\"><strong>Error:<\/strong> Contact form not found.<\/p>\t\t\t<\/div>\n\t\t\t\t\t\t\t<\/div>\n\t\t\t\t<\/div>\n\t\t\t\t<div class=\"elementor-element elementor-element-4018e24 elementor-widget__width-auto elementor-widget elementor-widget-text-editor\" data-id=\"4018e24\" data-element_type=\"widget\" data-e-type=\"widget\" data-widget_type=\"text-editor.default\">\n\t\t\t\t<div class=\"elementor-widget-container\">\n\t\t\t\t\t\t\t\t\t<p>\u00a0( )*Autorizo que os meus dados pessoais sejam tratados informaticamente pela Renovar a Mouraria, nos termos estabelecidos na sua Pol\u00edtica de Privacidade, e de acordo com a legisla\u00e7\u00e3o de prote\u00e7\u00e3o de dados.<\/p>\t\t\t\t\t\t\t\t<\/div>\n\t\t\t\t<\/div>\n\t\t\t\t\t<\/div>\n\t\t<\/div>\n\t\t\t\t<div class=\"elementor-column elementor-col-50 elementor-top-column elementor-element elementor-element-7fad6c4\" data-id=\"7fad6c4\" data-element_type=\"column\" data-e-type=\"column\">\n\t\t\t<div class=\"elementor-widget-wrap\">\n\t\t\t\t\t\t\t<\/div>\n\t\t<\/div>\n\t\t\t\t\t<\/div>\n\t\t<\/section>\n\t\t\t\t<\/div>\n\t\t","protected":false},"excerpt":{"rendered":"<p>ser s\u00f3cio Quer fazer parte da dinamiza\u00e7\u00e3o de projetos comunit\u00e1rios, educativos e culturais num dos bairros mais multiculturais de Lisboa e contribuir para uma cidade mais inclusiva? Se a sua resposta for SIM, bem-vindo: partilhamos os valores e a paix\u00e3o por uma cidade mais amiga das pessoas. VANTAGENS MEMBROS Rece\u00e7\u00e3o de informa\u00e7\u00e3o sobre os nossos [&hellip;]<\/p>\n","protected":false},"author":2,"featured_media":0,"parent":0,"menu_order":0,"comment_status":"closed","ping_status":"closed","template":"page-full-width.php","meta":{"footnotes":""},"class_list":["post-11342","page","type-page","status-publish","hentry"],"_links":{"self":[{"href":"https:\/\/renovaramouraria.pt\/en\/wp-json\/wp\/v2\/pages\/11342","targetHints":{"allow":["GET"]}}],"collection":[{"href":"https:\/\/renovaramouraria.pt\/en\/wp-json\/wp\/v2\/pages"}],"about":[{"href":"https:\/\/renovaramouraria.pt\/en\/wp-json\/wp\/v2\/types\/page"}],"author":[{"embeddable":true,"href":"https:\/\/renovaramouraria.pt\/en\/wp-json\/wp\/v2\/users\/2"}],"replies":[{"embeddable":true,"href":"https:\/\/renovaramouraria.pt\/en\/wp-json\/wp\/v2\/comments?post=11342"}],"version-history":[{"count":0,"href":"https:\/\/renovaramouraria.pt\/en\/wp-json\/wp\/v2\/pages\/11342\/revisions"}],"wp:attachment":[{"href":"https:\/\/renovaramouraria.pt\/en\/wp-json\/wp\/v2\/media?parent=11342"}],"curies":[{"name":"wp","href":"https:\/\/api.w.org\/{rel}","templated":true}]}}