{"id":11335,"date":"2022-10-06T23:05:34","date_gmt":"2022-10-06T23:05:34","guid":{"rendered":"https:\/\/renovaramouraria.pt\/?page_id=11335"},"modified":"2025-04-01T15:35:40","modified_gmt":"2025-04-01T15:35:40","slug":"irs-solidario","status":"publish","type":"page","link":"https:\/\/renovaramouraria.pt\/en\/irs-solidario\/","title":{"rendered":"IRS Solid\u00e1rio"},"content":{"rendered":"<p style=\"font-family: inter; font-size: 77px; line-height: 80px; font-weight: 500; text-transform: uppercase;\">IRS Solid\u00e1rio<\/p>\n<h3 style=\"margin-bottom: 10pt; line-height: 115%; text-align: left;\"><b>TODAS AS PESSOAS IMPORTAM!<\/b><\/h3>\n<div>\n<div dir=\"auto\">A Associa\u00e7\u00e3o Renovar a Mouraria, ONGD de Utilidade P\u00fablica, est\u00e1 na lista de entidades eleg\u00edveis para consigna\u00e7\u00e3o de 1% do IRS. A consigna\u00e7\u00e3o de IRS \u00e9 um gesto solid\u00e1rio que n\u00e3o tem custos para o contribuinte: a percentagem do imposto \u00e9 retirada ao Estado e entregue \u00e0 entidade escolhida.<\/div>\n<\/div>\n<div>\n<div dir=\"auto\">\ud835\udde1\ud835\udddc\ud835\uddd9: \ud835\udff1\ud835\udfec\ud835\udff4 \ud835\udff1\ud835\udfed\ud835\udff5 \ud835\udff2\ud835\udff2\ud835\udff3<\/div>\n<\/div>\n<p>&nbsp;<\/p>\n<p><img fetchpriority=\"high\" decoding=\"async\" class=\"alignleft wp-image-31638 size-large\" src=\"https:\/\/renovaramouraria.pt\/wp-content\/uploads\/post_Irs_2025-819x1024.png\" alt=\"\" width=\"819\" height=\"1024\" srcset=\"https:\/\/renovaramouraria.pt\/wp-content\/uploads\/post_Irs_2025-819x1024.png 819w, https:\/\/renovaramouraria.pt\/wp-content\/uploads\/post_Irs_2025-240x300.png 240w, https:\/\/renovaramouraria.pt\/wp-content\/uploads\/post_Irs_2025-768x960.png 768w, https:\/\/renovaramouraria.pt\/wp-content\/uploads\/post_Irs_2025.png 1080w\" sizes=\"(max-width: 819px) 100vw, 819px\" \/><\/p>\n<p>A par de projetos multidisciplinares, por vezes de base europeia, os nossos servi\u00e7os incluem apoio jur\u00eddico e social, aulas de portugu\u00eas l\u00edngua n\u00e3o materna e apoio ao estudo gratuitos, jornal comunit\u00e1rio, visitas guiadas, produ\u00e7\u00e3o de eventos culturais, oficinas de forma\u00e7\u00e3o e sensibiliza\u00e7\u00e3o, dinamiza\u00e7\u00e3o do com\u00e9rcio local e ativa\u00e7\u00e3o comunit\u00e1ria.<\/p>\n<p>Fa\u00e7a parte disto.<\/p>\n<p><strong><br \/>\nMARQUE NA AGENDA<\/strong><\/p>\n<p>De 1 de Abril a 30 de Junho.<\/p>\n<p><strong><br \/>\nA\u00c7\u00c3O COM CONSCI\u00caNCIA<\/strong><\/p>\n<p>Doando 1% do seu IRS \u00e0 nossa Associa\u00e7\u00e3o atrav\u00e9s de <strong>4 passos:<\/strong><\/p>\n<ol>\n<li>Na declara\u00e7\u00e3o de\u00a0IRS, selecione o Modelo 3 \u2013 Quadro 11<\/li>\n<li>Selecione o campo 1101<\/li>\n<li>Coloque o nosso NIF: 508\u00a0519 667<\/li>\n<li>Escolha a op\u00e7\u00e3o IRS<\/li>\n<\/ol>\n<p><img decoding=\"async\" class=\"alignleft wp-image-31639 size-large\" src=\"https:\/\/renovaramouraria.pt\/wp-content\/uploads\/3-3-819x1024.png\" alt=\"\" width=\"819\" height=\"1024\" srcset=\"https:\/\/renovaramouraria.pt\/wp-content\/uploads\/3-3-819x1024.png 819w, https:\/\/renovaramouraria.pt\/wp-content\/uploads\/3-3-240x300.png 240w, https:\/\/renovaramouraria.pt\/wp-content\/uploads\/3-3-768x960.png 768w, https:\/\/renovaramouraria.pt\/wp-content\/uploads\/3-3.png 1080w\" sizes=\"(max-width: 819px) 100vw, 819px\" \/><\/p>\n<p><strong>GANHAMOS TODOS<br \/>\n<\/strong><\/p>\n<p>A inclus\u00e3o humana e a sustentabilidade das nossas iniciativas precisam de todos n\u00f3s.<\/p>\n","protected":false},"excerpt":{"rendered":"<p>IRS Solid\u00e1rio TODAS AS PESSOAS IMPORTAM! A Associa\u00e7\u00e3o Renovar a Mouraria, ONGD de Utilidade P\u00fablica, est\u00e1 na lista de entidades eleg\u00edveis para consigna\u00e7\u00e3o de 1% do IRS. A consigna\u00e7\u00e3o de IRS \u00e9 um gesto solid\u00e1rio que n\u00e3o tem custos para o contribuinte: a percentagem do imposto \u00e9 retirada ao Estado e entregue \u00e0 entidade escolhida. [&hellip;]<\/p>\n","protected":false},"author":2,"featured_media":0,"parent":0,"menu_order":0,"comment_status":"closed","ping_status":"closed","template":"","meta":{"footnotes":""},"class_list":["post-11335","page","type-page","status-publish","hentry"],"_links":{"self":[{"href":"https:\/\/renovaramouraria.pt\/en\/wp-json\/wp\/v2\/pages\/11335","targetHints":{"allow":["GET"]}}],"collection":[{"href":"https:\/\/renovaramouraria.pt\/en\/wp-json\/wp\/v2\/pages"}],"about":[{"href":"https:\/\/renovaramouraria.pt\/en\/wp-json\/wp\/v2\/types\/page"}],"author":[{"embeddable":true,"href":"https:\/\/renovaramouraria.pt\/en\/wp-json\/wp\/v2\/users\/2"}],"replies":[{"embeddable":true,"href":"https:\/\/renovaramouraria.pt\/en\/wp-json\/wp\/v2\/comments?post=11335"}],"version-history":[{"count":5,"href":"https:\/\/renovaramouraria.pt\/en\/wp-json\/wp\/v2\/pages\/11335\/revisions"}],"predecessor-version":[{"id":31643,"href":"https:\/\/renovaramouraria.pt\/en\/wp-json\/wp\/v2\/pages\/11335\/revisions\/31643"}],"wp:attachment":[{"href":"https:\/\/renovaramouraria.pt\/en\/wp-json\/wp\/v2\/media?parent=11335"}],"curies":[{"name":"wp","href":"https:\/\/api.w.org\/{rel}","templated":true}]}}