{"id":11270,"date":"2022-10-06T23:03:02","date_gmt":"2022-10-06T23:03:02","guid":{"rendered":"https:\/\/renovaramouraria.pt\/?page_id=11270"},"modified":"2023-01-23T23:06:12","modified_gmt":"2023-01-23T23:06:12","slug":"doar","status":"publish","type":"page","link":"https:\/\/renovaramouraria.pt\/en\/doar\/","title":{"rendered":"Doar"},"content":{"rendered":"\t\t<div data-elementor-type=\"wp-page\" data-elementor-id=\"11270\" class=\"elementor elementor-11270\" data-elementor-post-type=\"page\">\n\t\t\t\t\t\t<section class=\"elementor-section elementor-top-section elementor-element elementor-element-fe93ea9 elementor-section-full_width elementor-section-height-default elementor-section-height-default qodef-elementor-content-no\" data-id=\"fe93ea9\" data-element_type=\"section\" data-e-type=\"section\">\n\t\t\t\t\t\t<div class=\"elementor-container elementor-column-gap-default\">\n\t\t\t\t\t<div class=\"elementor-column elementor-col-50 elementor-top-column elementor-element elementor-element-6e3214b\" data-id=\"6e3214b\" data-element_type=\"column\" data-e-type=\"column\">\n\t\t\t<div class=\"elementor-widget-wrap elementor-element-populated\">\n\t\t\t\t\t\t<div class=\"elementor-element elementor-element-9fcdf5c elementor-widget elementor-widget-henrik_core_custom_font\" data-id=\"9fcdf5c\" data-element_type=\"widget\" data-e-type=\"widget\" data-widget_type=\"henrik_core_custom_font.default\">\n\t\t\t\t<div class=\"elementor-widget-container\">\n\t\t\t\t\t<p class=\"qodef-shortcode qodef-m  qodef-custom-font qodef-custom-font-336 qodef-layout--simple qodef-alignment--left qodef-borders--no  \" style=\"font-family: inter;font-size: 60px;line-height: 80px;font-weight: 500;text-transform: uppercase\">DOAR pela inclus\u00e3o<\/p>\n\t\t\t\t<\/div>\n\t\t\t\t<\/div>\n\t\t\t\t<div class=\"elementor-element elementor-element-fc65a1d elementor-widget__width-auto elementor-widget elementor-widget-text-editor\" data-id=\"fc65a1d\" data-element_type=\"widget\" data-e-type=\"widget\" data-widget_type=\"text-editor.default\">\n\t\t\t\t<div class=\"elementor-widget-container\">\n\t\t\t\t\t\t\t\t\t<p>Os donativos apoiam a concretiza\u00e7\u00e3o dos nossos projetos de promo\u00e7\u00e3o da inclus\u00e3o e da integra\u00e7\u00e3o sociais no bairro da Mouraria.\u00a0<\/p><p>\u00a0<\/p><p><span style=\"color: #000000;\"><strong>Donativo\u00a0<\/strong><\/span><\/p><p><span style=\"color: #000000;\">Pode ser pago na Associa\u00e7\u00e3o, atrav\u00e9s do nosso NIB (Montepio): <strong>0036 0006 99100072054 87 ou por MBWay para +351 922 191 892<br \/><\/strong><br \/>Obrigada por apoiar a Casa Azul. Subscreva a nossa Newsletter para acompanhar o nosso trabalho.\u00a0<\/span><\/p><p><span style=\"color: #000000;\"><strong>\u00a0<\/strong><\/span><\/p><p>\u00a0<\/p>\t\t\t\t\t\t\t\t<\/div>\n\t\t\t\t<\/div>\n\t\t\t\t\t<\/div>\n\t\t<\/div>\n\t\t\t\t<div class=\"elementor-column elementor-col-50 elementor-top-column elementor-element elementor-element-7fad6c4\" data-id=\"7fad6c4\" data-element_type=\"column\" data-e-type=\"column\">\n\t\t\t<div class=\"elementor-widget-wrap elementor-element-populated\">\n\t\t\t\t\t\t<div class=\"elementor-element elementor-element-47b996f elementor-widget elementor-widget-image\" data-id=\"47b996f\" data-element_type=\"widget\" data-e-type=\"widget\" data-widget_type=\"image.default\">\n\t\t\t\t<div class=\"elementor-widget-container\">\n\t\t\t\t\t\t\t\t\t\t\t\t\t\t\t<img fetchpriority=\"high\" decoding=\"async\" width=\"1024\" height=\"682\" src=\"https:\/\/renovaramouraria.pt\/wp-content\/uploads\/@Kinga-Porucznik1-1024x682.jpg\" class=\"attachment-large size-large wp-image-10917\" alt=\"\" srcset=\"https:\/\/renovaramouraria.pt\/wp-content\/uploads\/@Kinga-Porucznik1-1024x682.jpg 1024w, https:\/\/renovaramouraria.pt\/wp-content\/uploads\/@Kinga-Porucznik1-300x200.jpg 300w, https:\/\/renovaramouraria.pt\/wp-content\/uploads\/@Kinga-Porucznik1-768x511.jpg 768w, https:\/\/renovaramouraria.pt\/wp-content\/uploads\/@Kinga-Porucznik1-1536x1023.jpg 1536w, https:\/\/renovaramouraria.pt\/wp-content\/uploads\/@Kinga-Porucznik1-600x400.jpg 600w, https:\/\/renovaramouraria.pt\/wp-content\/uploads\/@Kinga-Porucznik1.jpg 1760w\" sizes=\"(max-width: 1024px) 100vw, 1024px\" \/>\t\t\t\t\t\t\t\t\t\t\t\t\t\t\t<\/div>\n\t\t\t\t<\/div>\n\t\t\t\t\t<\/div>\n\t\t<\/div>\n\t\t\t\t\t<\/div>\n\t\t<\/section>\n\t\t\t\t<\/div>\n\t\t","protected":false},"excerpt":{"rendered":"<p>DOAR pela inclus\u00e3o Os donativos apoiam a concretiza\u00e7\u00e3o dos nossos projetos de promo\u00e7\u00e3o da inclus\u00e3o e da integra\u00e7\u00e3o sociais no bairro da Mouraria.\u00a0 \u00a0 Donativo\u00a0 Pode ser pago na Associa\u00e7\u00e3o, atrav\u00e9s do nosso NIB (Montepio): 0036 0006 99100072054 87 ou por MBWay para +351 922 191 892Obrigada por apoiar a Casa Azul. Subscreva a nossa [&hellip;]<\/p>\n","protected":false},"author":2,"featured_media":0,"parent":0,"menu_order":0,"comment_status":"closed","ping_status":"closed","template":"page-full-width.php","meta":{"footnotes":""},"class_list":["post-11270","page","type-page","status-publish","hentry"],"_links":{"self":[{"href":"https:\/\/renovaramouraria.pt\/en\/wp-json\/wp\/v2\/pages\/11270","targetHints":{"allow":["GET"]}}],"collection":[{"href":"https:\/\/renovaramouraria.pt\/en\/wp-json\/wp\/v2\/pages"}],"about":[{"href":"https:\/\/renovaramouraria.pt\/en\/wp-json\/wp\/v2\/types\/page"}],"author":[{"embeddable":true,"href":"https:\/\/renovaramouraria.pt\/en\/wp-json\/wp\/v2\/users\/2"}],"replies":[{"embeddable":true,"href":"https:\/\/renovaramouraria.pt\/en\/wp-json\/wp\/v2\/comments?post=11270"}],"version-history":[{"count":0,"href":"https:\/\/renovaramouraria.pt\/en\/wp-json\/wp\/v2\/pages\/11270\/revisions"}],"wp:attachment":[{"href":"https:\/\/renovaramouraria.pt\/en\/wp-json\/wp\/v2\/media?parent=11270"}],"curies":[{"name":"wp","href":"https:\/\/api.w.org\/{rel}","templated":true}]}}