{"id":11155,"date":"2022-10-06T15:31:49","date_gmt":"2022-10-06T15:31:49","guid":{"rendered":"https:\/\/renovaramouraria.pt\/?page_id=11155"},"modified":"2022-10-06T15:41:41","modified_gmt":"2022-10-06T15:41:41","slug":"noticias","status":"publish","type":"page","link":"https:\/\/renovaramouraria.pt\/en\/noticias\/","title":{"rendered":"Not\u00edcias"},"content":{"rendered":"\t\t<div data-elementor-type=\"wp-page\" data-elementor-id=\"11155\" class=\"elementor elementor-11155\" data-elementor-post-type=\"page\">\n\t\t\t\t\t\t<section class=\"elementor-section elementor-top-section elementor-element elementor-element-8beaa5e elementor-section-full_width elementor-section-height-default elementor-section-height-default qodef-elementor-content-no\" data-id=\"8beaa5e\" data-element_type=\"section\" data-e-type=\"section\">\n\t\t\t\t\t\t<div class=\"elementor-container elementor-column-gap-default\">\n\t\t\t\t\t<div class=\"elementor-column elementor-col-50 elementor-top-column elementor-element elementor-element-2b61da5\" data-id=\"2b61da5\" data-element_type=\"column\" data-e-type=\"column\">\n\t\t\t<div class=\"elementor-widget-wrap elementor-element-populated\">\n\t\t\t\t\t\t<div class=\"elementor-element elementor-element-11ad4d6 elementor-widget elementor-widget-henrik_core_blog_list\" data-id=\"11ad4d6\" data-element_type=\"widget\" data-e-type=\"widget\" data-widget_type=\"henrik_core_blog_list.default\">\n\t\t\t\t<div class=\"elementor-widget-container\">\n\t\t\t\t\t<div class=\"qodef-shortcode qodef-m  qodef-blog qodef-item-layout--classic qodef-hover-animation--enabled qodef-grid qodef-layout--columns qodef-layout--columns  qodef-gutter--medium qodef-col-num--3 qodef-item-layout--classic qodef--no-bottom-space qodef-pagination--off qodef-responsive--predefined\" data-options=\"{&quot;plugin&quot;:&quot;henrik_core&quot;,&quot;module&quot;:&quot;blog\\\/shortcodes&quot;,&quot;shortcode&quot;:&quot;blog-list&quot;,&quot;post_type&quot;:&quot;post&quot;,&quot;next_page&quot;:&quot;2&quot;,&quot;max_pages_num&quot;:1,&quot;behavior&quot;:&quot;columns&quot;,&quot;images_proportion&quot;:&quot;full&quot;,&quot;columns&quot;:&quot;3&quot;,&quot;columns_responsive&quot;:&quot;predefined&quot;,&quot;space&quot;:&quot;medium&quot;,&quot;posts_per_page&quot;:&quot;12&quot;,&quot;orderby&quot;:&quot;date&quot;,&quot;order&quot;:&quot;DESC&quot;,&quot;additional_params&quot;:&quot;tax&quot;,&quot;tax&quot;:&quot;category&quot;,&quot;tax_slug&quot;:&quot;noticias&quot;,&quot;layout&quot;:&quot;classic&quot;,&quot;title_tag&quot;:&quot;h4&quot;,&quot;excerpt_length&quot;:&quot;143&quot;,&quot;pagination_type&quot;:&quot;no-pagination&quot;,&quot;enable_title&quot;:&quot;yes&quot;,&quot;enable_top_info&quot;:&quot;no&quot;,&quot;blog_list_enable_filter_category&quot;:&quot;no&quot;,&quot;blog_list_enable_filter_order_by&quot;:&quot;yes&quot;,&quot;blog_list_enable_hover_animation&quot;:&quot;yes&quot;,&quot;object_class_name&quot;:&quot;HenrikCore_Blog_List_Shortcode&quot;,&quot;taxonomy_filter&quot;:&quot;category&quot;,&quot;additional_query_args&quot;:{&quot;tax_query&quot;:[{&quot;taxonomy&quot;:&quot;category&quot;,&quot;field&quot;:&quot;slug&quot;,&quot;terms&quot;:&quot;noticias&quot;}]},&quot;info_styles&quot;:[&quot;margin: &quot;],&quot;icon_params&quot;:{&quot;custom_class&quot;:null,&quot;main_icon&quot;:null,&quot;main_icon_dripicons&quot;:null,&quot;main_icon_elegant_icons&quot;:null,&quot;main_icon_font_awesome&quot;:null,&quot;main_icon_ionicons&quot;:null,&quot;main_icon_linea_icons&quot;:null,&quot;main_icon_linear_icons&quot;:null,&quot;main_icon_material_icons&quot;:null,&quot;main_icon_shape_icons&quot;:null,&quot;main_icon_simple_line_icons&quot;:null,&quot;size&quot;:null,&quot;custom_size&quot;:null,&quot;icon_layout&quot;:null,&quot;border_radius&quot;:null,&quot;shape_size&quot;:null,&quot;color&quot;:null,&quot;hover_color&quot;:null,&quot;border_width&quot;:null,&quot;border_color&quot;:null,&quot;hover_border_color&quot;:null,&quot;background_color&quot;:null,&quot;hover_background_color&quot;:null,&quot;vertical_offset&quot;:null},&quot;space_value&quot;:20}\">\n\t\t<div class=\"qodef-filter-holder\">\n\t\t\t<div class=\"qodef-ordering-filter\">\n\t\t<div class=\"qodef-filter-title-holder\">\n\t\t\t<span class=\"qodef-filter-title qodef-preceding\">First show<\/span>\n\t\t\t<span class=\"qodef-filter-title qodef-current\">Default<\/span>\n\t\t\t<span class=\"qodef-filter-title qodef-icon\"><svg  xmlns=\"http:\/\/www.w3.org\/2000\/svg\" width=\"15.207\" height=\"8.207\" viewBox=\"0 0 15.207 8.207\"><g transform=\"translate(-0.047 -0.047)\"><line x2=\"7.5\" y2=\"7.5\" transform=\"translate(0.4 0.4)\" fill=\"none\" stroke=\"currentColor\" stroke-miterlimit=\"10\" stroke-width=\"1\"\/><line y1=\"7.5\" x2=\"7.5\" transform=\"translate(7.4 0.4)\" fill=\"none\" stroke=\"currentColor\" stroke-miterlimit=\"10\" stroke-width=\"1\"\/><\/g><\/svg><\/span>\n\t\t<\/div>\n\t\t<div class=\"qodef-filter-ordering\">\n\t\t\t<div class=\"qodef-filter-list\">\n\t\t\t\t<ul class=\"qodef-sorting-filter\">\n\t\t\t\t\t<li>\n\t\t\t\t\t\t<a class=\"qodef-ordering-filter-link\" data-ordering=\"date\" href=\"#\">Default<\/a>\n\t\t\t\t\t<\/li>\n\t\t\t\t\t<li><a class=\"qodef-ordering-filter-link\" data-ordering=\"ASC\" href=\"#\">Newest<\/a><\/li><li><a class=\"qodef-ordering-filter-link\" data-ordering=\"DESC\" href=\"#\">Oldest<\/a><\/li>\t\t\t\t<\/ul>\n\t\t\t<\/div>\n\t\t<\/div>\n\t<\/div>\n\t<\/div>\n\t<div class=\"qodef-grid-inner clear\">\n\t\t\n<article class=\"qodef-e qodef-blog-item qodef-grid-item qodef-item--full post-12843 post type-post status-publish format-standard has-post-thumbnail hentry category-noticias\">\n\t<div class=\"qodef-e-inner\">\n\t\t<div class=\"qodef-e-media\">\n\t\n\t<div class=\"qodef-e-media-image \">\n\t\t<a itemprop=\"url\" href=\"https:\/\/renovaramouraria.pt\/en\/oficinas-de-educacao-antirracista-no-1ociclo-e-possivel-e-desejavel\/\" class=\"qodef-e-media-image-link\" data-ratio=\"\">\n            \t\t\t<img fetchpriority=\"high\" decoding=\"async\" width=\"2016\" height=\"1512\" src=\"https:\/\/renovaramouraria.pt\/wp-content\/uploads\/10-1.jpg\" class=\"attachment-full size-full wp-post-image\" alt=\"\" srcset=\"https:\/\/renovaramouraria.pt\/wp-content\/uploads\/10-1.jpg 2016w, https:\/\/renovaramouraria.pt\/wp-content\/uploads\/10-1-300x225.jpg 300w, https:\/\/renovaramouraria.pt\/wp-content\/uploads\/10-1-1024x768.jpg 1024w, https:\/\/renovaramouraria.pt\/wp-content\/uploads\/10-1-768x576.jpg 768w, https:\/\/renovaramouraria.pt\/wp-content\/uploads\/10-1-1536x1152.jpg 1536w, https:\/\/renovaramouraria.pt\/wp-content\/uploads\/10-1-600x450.jpg 600w\" sizes=\"(max-width: 2016px) 100vw, 2016px\" \/>\t\t<\/a>\n        \t<\/div>\n<\/div>\n\t\t<div class=\"qodef-e-content\">\n\t\t\t<div class=\"qodef-e-top-holder\">\n\t\t\t\t<div class=\"qodef-e-info\">\n\t\t\t\t\t<a itemprop=\"dateCreated\" href=\"https:\/\/renovaramouraria.pt\/en\/2023\/07\/\" class=\"\">\n\t05\/07\/2023<\/a><div class=\"qodef-info-separator-end qodef-date-separator\"><\/div><div class=\"qodef-e-info-item qodef-e-info-category\">\n\t<a href=\"https:\/\/renovaramouraria.pt\/en\/category\/noticias\/\" rel=\"tag\">noticias<\/a><\/div>\n<div class=\"qodef-info-separator-end\"><\/div>\n\t\t\t\t\t<\/div>\n\t\t\t<\/div>\n\t\t\t<div class=\"qodef-e-text\">\n\t\t\t\t<h4 itemprop=\"name\" class=\"qodef-e-title entry-title\" >\n\t<a itemprop=\"url\" class=\"qodef-e-title-link\" href=\"https:\/\/renovaramouraria.pt\/en\/oficinas-de-educacao-antirracista-no-1ociclo-e-possivel-e-desejavel\/\">\n\t\tOficinas de educa\u00e7\u00e3o antirracista no 1\u00baciclo? \u00c9 poss\u00edvel e desej\u00e1vel\t<\/a>\n<\/h4>\n\t\t\t<\/div>\n\t\t<\/div>\n\t<\/div>\n<\/article>\n\n<article class=\"qodef-e qodef-blog-item qodef-grid-item qodef-item--full post-12731 post type-post status-publish format-standard has-post-thumbnail hentry category-noticias\">\n\t<div class=\"qodef-e-inner\">\n\t\t<div class=\"qodef-e-media\">\n\t\n\t<div class=\"qodef-e-media-image \">\n\t\t<a itemprop=\"url\" href=\"https:\/\/renovaramouraria.pt\/en\/migrantour-manifesto-e-kit-para-implementacao-do-projeto-ja-disponiveis\/\" class=\"qodef-e-media-image-link\" data-ratio=\"\">\n            \t\t\t<img decoding=\"async\" width=\"1823\" height=\"927\" src=\"https:\/\/renovaramouraria.pt\/wp-content\/uploads\/sitemigrantour.png\" class=\"attachment-full size-full wp-post-image\" alt=\"\" srcset=\"https:\/\/renovaramouraria.pt\/wp-content\/uploads\/sitemigrantour.png 1823w, https:\/\/renovaramouraria.pt\/wp-content\/uploads\/sitemigrantour-300x153.png 300w, https:\/\/renovaramouraria.pt\/wp-content\/uploads\/sitemigrantour-1024x521.png 1024w, https:\/\/renovaramouraria.pt\/wp-content\/uploads\/sitemigrantour-768x391.png 768w, https:\/\/renovaramouraria.pt\/wp-content\/uploads\/sitemigrantour-1536x781.png 1536w, https:\/\/renovaramouraria.pt\/wp-content\/uploads\/sitemigrantour-600x305.png 600w\" sizes=\"(max-width: 1823px) 100vw, 1823px\" \/>\t\t<\/a>\n        \t<\/div>\n<\/div>\n\t\t<div class=\"qodef-e-content\">\n\t\t\t<div class=\"qodef-e-top-holder\">\n\t\t\t\t<div class=\"qodef-e-info\">\n\t\t\t\t\t<a itemprop=\"dateCreated\" href=\"https:\/\/renovaramouraria.pt\/en\/2023\/05\/\" class=\"\">\n\t19\/05\/2023<\/a><div class=\"qodef-info-separator-end qodef-date-separator\"><\/div><div class=\"qodef-e-info-item qodef-e-info-category\">\n\t<a href=\"https:\/\/renovaramouraria.pt\/en\/category\/noticias\/\" rel=\"tag\">noticias<\/a><\/div>\n<div class=\"qodef-info-separator-end\"><\/div>\n\t\t\t\t\t<\/div>\n\t\t\t<\/div>\n\t\t\t<div class=\"qodef-e-text\">\n\t\t\t\t<h4 itemprop=\"name\" class=\"qodef-e-title entry-title\" >\n\t<a itemprop=\"url\" class=\"qodef-e-title-link\" href=\"https:\/\/renovaramouraria.pt\/en\/migrantour-manifesto-e-kit-para-implementacao-do-projeto-ja-disponiveis\/\">\n\t\tMigrantour: manifesto e kit para implementa\u00e7\u00e3o do projeto j\u00e1 dispon\u00edveis\t<\/a>\n<\/h4>\n\t\t\t<\/div>\n\t\t<\/div>\n\t<\/div>\n<\/article>\n\n<article class=\"qodef-e qodef-blog-item qodef-grid-item qodef-item--full post-11974 post type-post status-publish format-standard has-post-thumbnail hentry category-noticias\">\n\t<div class=\"qodef-e-inner\">\n\t\t<div class=\"qodef-e-media\">\n\t\n\t<div class=\"qodef-e-media-image \">\n\t\t<a itemprop=\"url\" href=\"https:\/\/renovaramouraria.pt\/en\/espacos-publico-e-privado-como-a-ombreira-de-uma-porta\/\" class=\"qodef-e-media-image-link\" data-ratio=\"\">\n            \t\t\t<img decoding=\"async\" width=\"294\" height=\"354\" src=\"https:\/\/renovaramouraria.pt\/wp-content\/uploads\/Ilustra_InterTXT__0003_4-1.png\" class=\"attachment-full size-full wp-post-image\" alt=\"\" srcset=\"https:\/\/renovaramouraria.pt\/wp-content\/uploads\/Ilustra_InterTXT__0003_4-1.png 294w, https:\/\/renovaramouraria.pt\/wp-content\/uploads\/Ilustra_InterTXT__0003_4-1-249x300.png 249w\" sizes=\"(max-width: 294px) 100vw, 294px\" \/>\t\t<\/a>\n        \t<\/div>\n<\/div>\n\t\t<div class=\"qodef-e-content\">\n\t\t\t<div class=\"qodef-e-top-holder\">\n\t\t\t\t<div class=\"qodef-e-info\">\n\t\t\t\t\t<a itemprop=\"dateCreated\" href=\"https:\/\/renovaramouraria.pt\/en\/2022\/11\/\" class=\"\">\n\t28\/11\/2022<\/a><div class=\"qodef-info-separator-end qodef-date-separator\"><\/div><div class=\"qodef-e-info-item qodef-e-info-category\">\n\t<a href=\"https:\/\/renovaramouraria.pt\/en\/category\/noticias\/\" rel=\"tag\">noticias<\/a><\/div>\n<div class=\"qodef-info-separator-end\"><\/div>\n\t\t\t\t\t<\/div>\n\t\t\t<\/div>\n\t\t\t<div class=\"qodef-e-text\">\n\t\t\t\t<h4 itemprop=\"name\" class=\"qodef-e-title entry-title\" >\n\t<a itemprop=\"url\" class=\"qodef-e-title-link\" href=\"https:\/\/renovaramouraria.pt\/en\/espacos-publico-e-privado-como-a-ombreira-de-uma-porta\/\">\n\t\tEspa\u00e7os P\u00fablico e Privado: como a ombreira de uma porta\t<\/a>\n<\/h4>\n\t\t\t<\/div>\n\t\t<\/div>\n\t<\/div>\n<\/article>\n\t<\/div>\n\t<\/div>\n\t\t\t\t<\/div>\n\t\t\t\t<\/div>\n\t\t\t\t\t<\/div>\n\t\t<\/div>\n\t\t\t\t<div class=\"elementor-column elementor-col-50 elementor-top-column elementor-element elementor-element-39983bc\" data-id=\"39983bc\" data-element_type=\"column\" data-e-type=\"column\">\n\t\t\t<div class=\"elementor-widget-wrap elementor-element-populated\">\n\t\t\t\t\t\t<div class=\"elementor-element elementor-element-f11029b elementor-widget elementor-widget-sidebar\" data-id=\"f11029b\" data-element_type=\"widget\" data-e-type=\"widget\" data-widget_type=\"sidebar.default\">\n\t\t\t\t<div class=\"elementor-widget-container\">\n\t\t\t\t\t<div id=\"search-3\" class=\"widget widget_search\" data-area=\"qodef-main-sidebar\"><h5 class=\"qodef-widget-title\">Pesquisa<\/h5><form role=\"search\" method=\"get\" class=\"qodef-search-form\" action=\"https:\/\/renovaramouraria.pt\/en\/\">\n\t<label for=\"qodef-search-form-69e895d76bd43\" class=\"screen-reader-text\">Search for:<\/label>\n\t<div class=\"qodef-search-form-inner clear\">\n\t\t<input type=\"search\" id=\"qodef-search-form-69e895d76bd43\" class=\"qodef-search-form-field\" value=\"\" name=\"s\" placeholder=\"Search\" \/>\n\t\t<button type=\"submit\" class=\"qodef-search-form-button\"><svg  xmlns=\"http:\/\/www.w3.org\/2000\/svg\" width=\"18\" height=\"18\" viewBox=\"-1 -1 20 20\"><path d=\"M17.8,16.819l-4.547-4.548A7.485,7.485,0,0,0,7.489,0h0A7.49,7.49,0,1,0,12.27,13.249L16.818,17.8a.691.691,0,0,0,.978-.978ZM7.489,13.6a6.105,6.105,0,1,1,6.1-6.105A6.112,6.112,0,0,1,7.489,13.6Z\"\/><\/svg><\/button>\n\t<\/div>\n<\/form><\/div>\t\t\t\t<\/div>\n\t\t\t\t<\/div>\n\t\t\t\t\t<\/div>\n\t\t<\/div>\n\t\t\t\t\t<\/div>\n\t\t<\/section>\n\t\t\t\t<\/div>\n\t\t","protected":false},"excerpt":{"rendered":"<p>&nbsp; A Renovar a Mouraria foi sempre sobre Espa\u00e7o P\u00fablico, por isso esse n\u00e3o poderia deixar de ser o tema da primeira Newsletter Mouraria Comunica, a prop\u00f3sito do arranque de dois novos projetos: o Resid\u00eancia Secund\u00e1ria e o Mouraria Participa. O texto que se segue \u00e9 a continua\u00e7\u00e3o de um texto exclusivo da Mouraria Comunica.\u00a0 [&hellip;]<\/p>\n","protected":false},"author":2,"featured_media":0,"parent":0,"menu_order":0,"comment_status":"closed","ping_status":"closed","template":"page-full-width.php","meta":{"footnotes":""},"class_list":["post-11155","page","type-page","status-publish","hentry"],"_links":{"self":[{"href":"https:\/\/renovaramouraria.pt\/en\/wp-json\/wp\/v2\/pages\/11155","targetHints":{"allow":["GET"]}}],"collection":[{"href":"https:\/\/renovaramouraria.pt\/en\/wp-json\/wp\/v2\/pages"}],"about":[{"href":"https:\/\/renovaramouraria.pt\/en\/wp-json\/wp\/v2\/types\/page"}],"author":[{"embeddable":true,"href":"https:\/\/renovaramouraria.pt\/en\/wp-json\/wp\/v2\/users\/2"}],"replies":[{"embeddable":true,"href":"https:\/\/renovaramouraria.pt\/en\/wp-json\/wp\/v2\/comments?post=11155"}],"version-history":[{"count":0,"href":"https:\/\/renovaramouraria.pt\/en\/wp-json\/wp\/v2\/pages\/11155\/revisions"}],"wp:attachment":[{"href":"https:\/\/renovaramouraria.pt\/en\/wp-json\/wp\/v2\/media?parent=11155"}],"curies":[{"name":"wp","href":"https:\/\/api.w.org\/{rel}","templated":true}]}}