{"id":10192,"date":"2022-06-01T14:59:52","date_gmt":"2022-06-01T14:59:52","guid":{"rendered":"https:\/\/renovaramouraria.pt\/?page_id=10192"},"modified":"2023-01-17T11:00:20","modified_gmt":"2023-01-17T11:00:20","slug":"termos-e-condicoes","status":"publish","type":"page","link":"https:\/\/renovaramouraria.pt\/en\/termos-e-condicoes\/","title":{"rendered":"Termos e Condi\u00e7\u00f5es"},"content":{"rendered":"\t\t<div data-elementor-type=\"wp-page\" data-elementor-id=\"10192\" class=\"elementor elementor-10192\" data-elementor-post-type=\"page\">\n\t\t\t\t\t\t<section class=\"elementor-section elementor-top-section elementor-element elementor-element-ee47176 elementor-section-full_width page-layout elementor-section-height-default elementor-section-height-default qodef-elementor-content-no\" data-id=\"ee47176\" data-element_type=\"section\" data-e-type=\"section\">\n\t\t\t\t\t\t<div class=\"elementor-container elementor-column-gap-default\">\n\t\t\t\t\t<div class=\"elementor-column elementor-col-100 elementor-top-column elementor-element elementor-element-b27a0ec\" data-id=\"b27a0ec\" data-element_type=\"column\" data-e-type=\"column\">\n\t\t\t<div class=\"elementor-widget-wrap elementor-element-populated\">\n\t\t\t\t\t\t<div class=\"elementor-element elementor-element-df5bd0a elementor-widget elementor-widget-henrik_core_section_title\" data-id=\"df5bd0a\" data-element_type=\"widget\" data-e-type=\"widget\" data-widget_type=\"henrik_core_section_title.default\">\n\t\t\t\t<div class=\"elementor-widget-container\">\n\t\t\t\t\t<div class=\"qodef-shortcode qodef-m  qodef-section-title qodef-alignment--left \">\n\t\t\t<h1 class=\"qodef-m-title\" >\n\t\t\t\t\ttermos e condi\u00e7\u00f5es\t\t\t<\/h1>\n\t<\/div>\n\t\t\t\t<\/div>\n\t\t\t\t<\/div>\n\t\t\t\t<div class=\"elementor-element elementor-element-5e850a6 elementor-widget__width-initial elementor-widget elementor-widget-text-editor\" data-id=\"5e850a6\" data-element_type=\"widget\" data-e-type=\"widget\" data-widget_type=\"text-editor.default\">\n\t\t\t\t<div class=\"elementor-widget-container\">\n\t\t\t\t\t\t\t\t\t<p><span style=\"color: #000000;\"><strong>PRE\u00c2MBULO<\/strong><\/span><\/p><p><span style=\"color: #000000; font-family: Montserrat;\"><span style=\"font-weight: 400;\">1.\u00ba Estas condi\u00e7\u00f5es gerais de venda s\u00e3o acordadas entre a Associa\u00e7\u00e3o Renovar a Mouraria, com sede no Beco do Rosendo n\u00ba8 e 10 1100-460, n\u00famero de identifica\u00e7\u00e3o fiscal 508519667 e contacto +351 <\/span><span style=\"font-weight: 400;\">922 191 892<\/span><span style=\"font-weight: 400;\">, doravante designada por Associa\u00e7\u00e3o e as pessoas que desejem efetuar donativos atrav\u00e9s do website www.renovaramouraria.pt doravante designadas por &#8220;Doadores&#8221;.<\/span><\/span><\/p><p><span style=\"font-weight: 400; color: #000000; font-family: Montserrat;\">2.\u00ba As partes acordam que as doa\u00e7\u00f5es efetuadas atrav\u00e9s do website <span style=\"font-weight: 400;\">www.renovaramouraria.pt <\/span> ser\u00e3o reguladas exclusivamente pelo presente contrato com exclus\u00e3o de quaisquer condi\u00e7\u00f5es previamente dispon\u00edveis no website.<\/span><\/p><p><span style=\"color: #000000; font-family: Montserrat;\"><strong><br \/>ARTIGO 1 \u2013 OBJETO<\/strong><\/span><\/p><ol><li><span style=\"color: #000000; font-family: Montserrat;\"><span style=\"font-weight: 400;\"> As presentes condi\u00e7\u00f5es gerais de doa\u00e7\u00e3o t\u00eam por objeto disponibilizar e definir todas as <\/span>informa\u00e7\u00f5es necess\u00e1rias ao Doador sobre as modalidades de doa\u00e7\u00e3o efetuadas no website <span style=\"font-weight: 400;\">www.renovaramouraria.pt.<\/span><span style=\"letter-spacing: -0.02em;\">\u00a0<\/span><\/span><\/li><\/ol><ol start=\"2\"><li><span style=\"font-weight: 400; color: #000000; font-family: Montserrat;\"> Estas condi\u00e7\u00f5es regulam todas as etapas necess\u00e1rias para realizar a doa\u00e7\u00e3o e garantem o seguimento desta entre as Partes Contratantes.<\/span><\/li><\/ol><p><span style=\"color: #000000; font-family: Montserrat;\"><strong>ARTIGO 2 \u2013 DONATIVO<\/strong><\/span><\/p><ol><li><span style=\"color: #000000; font-family: Montserrat;\"><span style=\"letter-spacing: -0.02em;\">O Doador concretiza o seu donativo atrav\u00e9s da conclus\u00e3o do processo de doa\u00e7\u00e3o <\/span><span style=\"letter-spacing: -0.02em;\">apresentado no website <\/span><span style=\"letter-spacing: -0.02em;\">www.renovaramouraria.pt.<\/span><\/span><\/li><\/ol><p><span style=\"font-weight: 400; color: #000000; font-family: Montserrat;\">2. Para enviar a sua doa\u00e7\u00e3o o Doador dever\u00e1:<\/span><\/p><p><span style=\"color: #000000; font-family: Montserrat;\">Completar a informa\u00e7\u00e3o e escolher as op\u00e7\u00f5es que lhe s\u00e3o disponibilizadas ao longo do <span style=\"font-weight: var( --e-global-typography-text-font-weight ); letter-spacing: -0.02em;\">processo de t\u00e9rmino da doa\u00e7\u00e3o (forma de pagamento, bem como o NIF e o nome que, para efeitos fiscais, pretende que constem na fatura).<\/span><\/span><\/p><p><span style=\"letter-spacing: -0.02em; color: #000000; font-family: Montserrat;\">3. Os dados constantes na fatura s\u00e3o da inteira responsabilidade do Doador. A fatura depois de emitida n\u00e3o poder\u00e1 ser reemitida com altera\u00e7\u00f5es.<\/span><\/p><p><span style=\"letter-spacing: -0.02em; color: #000000; font-family: Montserrat;\">\u00a0<\/span><\/p><p><span style=\"color: #000000; font-family: Montserrat;\"><strong>ARTIGO 3 \u2013 PAGAMENTO<\/strong><\/span><\/p><ol><li><span style=\"font-weight: 400; color: #000000; font-family: Montserrat;\"><span style=\"font-weight: 400;\"> No website www.renovaramouraria.pt, a Associa\u00e7\u00e3o prop\u00f5e ao Doador as seguintes modalidades de pagamento via Easypay &#8211; Institui\u00e7\u00e3o de Pagamento Lda:<\/span><\/span><p><span style=\"color: #000000; font-family: Montserrat;\"><span style=\"font-weight: 400;\">a) Cart\u00e3o de cr\u00e9dito (Visa, Mastercard);<br \/><\/span><span style=\"font-weight: 400;\">b) Refer\u00eancia Multibanco;<br \/><\/span><span style=\"font-weight: 400;\"><span style=\"font-weight: 400;\">c) Transfer\u00eancia mbway;<\/span><\/span><\/span><\/p><p><span style=\"color: #000000; font-family: Montserrat;\">\u00a0<img decoding=\"async\" src=\"https:\/\/renovaramouraria.pt\/wp-content\/uploads\/cc-mbs-square.png\" \/><\/span><\/p><\/li><li><span style=\"color: #000000; font-family: Montserrat;\"><span style=\"font-weight: 400;\"> No caso do pagamento com cart\u00e3o de cr\u00e9dito, o d\u00e9bito ser\u00e1 efetuado no cart\u00e3o do Doador\u00a0<\/span>imediatamente ap\u00f3s confirma\u00e7\u00e3o do donativo.\u00a0<\/span><\/li><li><span style=\"font-family: Montserrat;\">A moeda de transa\u00e7\u00e3o utilizada \u00e9 o euro. O valor m\u00ednimo de doa\u00e7\u00e3o \u00e9 de 10 euros.\u00a0<\/span><\/li><\/ol><p><span style=\"color: #000000; font-family: Montserrat;\"><strong>ARTIGO 4 \u2013 POL\u00cdTICA DE CANCELAMENTO DE DOA\u00c7\u00c3O RECORRENTE<\/strong><\/span><\/p><ol><li><span style=\"font-family: Montserrat;\">O Doador pode, a qualquer momento, cancelar uma doa\u00e7\u00e3o recorrente ou requerer a devolu\u00e7\u00e3o do valor doado, dirigindo-se ao seu banco.<\/span><\/li><\/ol><p><span style=\"color: #000000; font-family: Montserrat;\"><strong>ARTIGO 5 \u2013 POL\u00cdTICA DE PRIVACIDADE<\/strong><\/span><\/p><ol><li><span style=\"color: #000000; font-family: Montserrat;\"><span style=\"font-weight: 400;\">O tratamento dos seus dados \u00e9 feito no cumprimento da legisla\u00e7\u00e3o sobre a prote\u00e7\u00e3o de dados <\/span><span style=\"font-weight: 400;\">pessoais.\u00a0<\/span><\/span><\/li><\/ol><p><span style=\"font-weight: 400; color: #000000; font-family: Montserrat;\">2. O seu fornecimento \u00e9 facultativo e \u00e9 garantido, nos termos da lei, o direito de acesso, rectifica\u00e7\u00e3o e anula\u00e7\u00e3o de qualquer dado que lhe diga diretamente respeito, pessoalmente ou por via escrita, directamente para o endere\u00e7o constante na p\u00e1gina inicial deste website.<\/span><\/p><p><span style=\"font-weight: 400; color: #000000; font-family: Montserrat;\">Pode consultar o documento completo relativo \u00e0 nossa Pol\u00edtica de Privacidade.<\/span><\/p>\t\t\t\t\t\t\t\t<\/div>\n\t\t\t\t<\/div>\n\t\t\t\t\t<\/div>\n\t\t<\/div>\n\t\t\t\t\t<\/div>\n\t\t<\/section>\n\t\t\t\t<\/div>\n\t\t","protected":false},"excerpt":{"rendered":"<p>termos e condi\u00e7\u00f5es PRE\u00c2MBULO 1.\u00ba Estas condi\u00e7\u00f5es gerais de venda s\u00e3o acordadas entre a Associa\u00e7\u00e3o Renovar a Mouraria, com sede no Beco do Rosendo n\u00ba8 e 10 1100-460, n\u00famero de identifica\u00e7\u00e3o fiscal 508519667 e contacto +351 922 191 892, doravante designada por Associa\u00e7\u00e3o e as pessoas que desejem efetuar donativos atrav\u00e9s do website www.renovaramouraria.pt doravante [&hellip;]<\/p>\n","protected":false},"author":2,"featured_media":0,"parent":0,"menu_order":0,"comment_status":"closed","ping_status":"closed","template":"page-full-width.php","meta":{"footnotes":""},"class_list":["post-10192","page","type-page","status-publish","hentry"],"_links":{"self":[{"href":"https:\/\/renovaramouraria.pt\/en\/wp-json\/wp\/v2\/pages\/10192","targetHints":{"allow":["GET"]}}],"collection":[{"href":"https:\/\/renovaramouraria.pt\/en\/wp-json\/wp\/v2\/pages"}],"about":[{"href":"https:\/\/renovaramouraria.pt\/en\/wp-json\/wp\/v2\/types\/page"}],"author":[{"embeddable":true,"href":"https:\/\/renovaramouraria.pt\/en\/wp-json\/wp\/v2\/users\/2"}],"replies":[{"embeddable":true,"href":"https:\/\/renovaramouraria.pt\/en\/wp-json\/wp\/v2\/comments?post=10192"}],"version-history":[{"count":0,"href":"https:\/\/renovaramouraria.pt\/en\/wp-json\/wp\/v2\/pages\/10192\/revisions"}],"wp:attachment":[{"href":"https:\/\/renovaramouraria.pt\/en\/wp-json\/wp\/v2\/media?parent=10192"}],"curies":[{"name":"wp","href":"https:\/\/api.w.org\/{rel}","templated":true}]}}